{"id":87,"date":"2024-08-15T10:23:34","date_gmt":"2024-08-15T10:23:34","guid":{"rendered":"https:\/\/www.fundacjahipokamp.pl\/?page_id=87"},"modified":"2024-08-31T16:35:27","modified_gmt":"2024-08-31T16:35:27","slug":"zarzad-i-rada-fundacji","status":"publish","type":"page","link":"https:\/\/www.fundacjahipokamp.pl\/index.php\/zarzad-i-rada-fundacji\/","title":{"rendered":"Zarz\u0105d i Rada Fundacji"},"content":{"rendered":"\n<p><strong>PREZES ZARZ\u0104DU FUNDACJI <\/strong>&#8211; Jacek Andrzej Gregorczuk<\/p>\n\n\n\n<p><strong>WICEPREZES ZARZ\u0104DU FUNDACJI<\/strong> &#8211; Maksymilian Cis<\/p>\n\n\n\n<p><strong>WICEPREZES ZARZ\u0104DU FUNDACJ<\/strong> &#8211; Andrzej Zdrodowski<\/p>\n\n\n\n<p><strong>WICEPREZES ZARZ\u0104DU ds. KSZTA\u0141CENIA<\/strong> &#8211; Krzysztof Dariusz Mi\u0142kowski<br><strong>WICEPREZES ZARZ\u0104DU ds. KSZTA\u0141CENIA<\/strong> &#8211; Irmina Ewa Ca\u0142us<\/p>\n\n\n\n<p><strong>RADA FUNDACJI<\/strong> &#8211; Anna Stachura<\/p>\n\n\n\n<p><strong>RADA FUNDACJI<\/strong> &#8211; Ewa Karolczak<\/p>\n","protected":false},"excerpt":{"rendered":"<p>PREZES ZARZ\u0104DU FUNDACJI &#8211; Jacek Andrzej Gregorczuk WICEPREZES ZARZ\u0104DU FUNDACJI &#8211; Maksymilian Cis WICEPREZES ZARZ\u0104DU FUNDACJ &#8211; Andrzej Zdrodowski WICEPREZES ZARZ\u0104DU ds. KSZTA\u0141CENIA &#8211; Krzysztof Dariusz Mi\u0142kowskiWICEPREZES ZARZ\u0104DU ds. KSZTA\u0141CENIA &#8211; Irmina Ewa Ca\u0142us RADA FUNDACJI &#8211; Anna Stachura RADA FUNDACJI &#8211; Ewa Karolczak<\/p>\n","protected":false},"author":1,"featured_media":0,"parent":0,"menu_order":0,"comment_status":"closed","ping_status":"closed","template":"","meta":{"footnotes":""},"class_list":["post-87","page","type-page","status-publish","hentry"],"_links":{"self":[{"href":"https:\/\/www.fundacjahipokamp.pl\/index.php\/wp-json\/wp\/v2\/pages\/87","targetHints":{"allow":["GET"]}}],"collection":[{"href":"https:\/\/www.fundacjahipokamp.pl\/index.php\/wp-json\/wp\/v2\/pages"}],"about":[{"href":"https:\/\/www.fundacjahipokamp.pl\/index.php\/wp-json\/wp\/v2\/types\/page"}],"author":[{"embeddable":true,"href":"https:\/\/www.fundacjahipokamp.pl\/index.php\/wp-json\/wp\/v2\/users\/1"}],"replies":[{"embeddable":true,"href":"https:\/\/www.fundacjahipokamp.pl\/index.php\/wp-json\/wp\/v2\/comments?post=87"}],"version-history":[{"count":5,"href":"https:\/\/www.fundacjahipokamp.pl\/index.php\/wp-json\/wp\/v2\/pages\/87\/revisions"}],"predecessor-version":[{"id":261,"href":"https:\/\/www.fundacjahipokamp.pl\/index.php\/wp-json\/wp\/v2\/pages\/87\/revisions\/261"}],"wp:attachment":[{"href":"https:\/\/www.fundacjahipokamp.pl\/index.php\/wp-json\/wp\/v2\/media?parent=87"}],"curies":[{"name":"wp","href":"https:\/\/api.w.org\/{rel}","templated":true}]}}