{"id":82,"date":"2024-08-15T10:10:51","date_gmt":"2024-08-15T10:10:51","guid":{"rendered":"https:\/\/www.fundacjahipokamp.pl\/?page_id=82"},"modified":"2024-09-08T14:34:00","modified_gmt":"2024-09-08T14:34:00","slug":"fundacja-hipokamp","status":"publish","type":"page","link":"https:\/\/www.fundacjahipokamp.pl\/index.php\/fundacja-hipokamp\/","title":{"rendered":"Fundacja HIPOKAMP"},"content":{"rendered":"\n<p>Fundacja HIPOKAMP powsta\u0142a 20 marca 2020 r. Od pocz\u0105tku dzia\u0142alno\u015bci zmierzy\u0142a si\u0119 z pandemi\u0105 koronawirusa i wynikaj\u0105cymi z tego restrykcjami sanitarnymi. Ide\u0105 powstania Fundacji jest niesienie pomocy osobom niepe\u0142nosprawnym, a w szczeg\u00f3lno\u015bci dzieciom poprzez zaj\u0119cia rehabilitacyjne i terapeutyczne prowadzone wed\u0142ug Koncepcji Halliwick, WATSU oraz inne pokrewne formy pracy w wodzie z cia\u0142em. W tym celu Fundacja wiosn\u0105 2020 r. wynaj\u0119\u0142a od Gminy Dobrzyniewo Du\u017ce pomieszczenia w Wiejskim Domu Kultury w Pogorza\u0142kach, gdzie do jesieni 2020 r. by\u0142y prowadzone prace polegaj\u0105ce na budowie niecki terapeutycznej przystosowanej do prowadzenia zaj\u0119\u0107 rehabilitacyjnych. Po uzyskaniu wszystkich zg\u00f3d oraz pozwole\u0144 w styczniu 2021 r. rozpocz\u0119\u0142y si\u0119 zaj\u0119cia terapeutyczno-rehabilitacyjne.<\/p>\n\n\n\n<p>Opr\u00f3cz zaj\u0119\u0107 prowadzonych we w\u0142asnym budynku, Fundacja przy wsp\u00f3\u0142pracy z innymi organizacjami, jednostkami poprzez swoich instruktor\u00f3w i wolontariuszy prowadzi szereg zaj\u0119\u0107 terapeutyczno-rehabilitacyjnych na r\u00f3\u017cnych basenach w wojew\u00f3dztwie podlaskim, z kt\u00f3rych korzysta aktualnie ponad 60 os\u00f3b niepe\u0142nosprawnych.<br>Opr\u00f3cz zaj\u0119\u0107 typowo terapeutyczno-rehabilitacyjnych Fundacja realizuje ide\u0119 przekazywania wiedzy i nauki terapii os\u00f3b niepe\u0142nosprawnych. Organizujemy i wsp\u00f3\u0142organizujemy kursy, warsztaty, szkolenia z zakresu r\u00f3\u017cnych form terapii w wodzie oraz zawody p\u0142ywackie. Uczestniczymy jako prelegenci w wyk\u0142adach i konferencjach po\u015bwi\u0119conych tej tematyce.<\/p>\n\n\n\n<p>W celu zapoznania si\u0119 ze szczeg\u00f3\u0142ow\u0105 nasz\u0105 dzia\u0142alno\u015bci\u0105 zapraszamy do <a href=\"https:\/\/www.fundacjahipokamp.pl\/index.php\/aktualnosci\/\">Aktualno\u015bci <\/a>oraz <a href=\"https:\/\/www.fundacjahipokamp.pl\/index.php\/archiwum\/\" data-type=\"page\" data-id=\"128\">Archiwum<\/a>.<\/p>\n","protected":false},"excerpt":{"rendered":"<p>Fundacja HIPOKAMP powsta\u0142a 20 marca 2020 r. Od pocz\u0105tku dzia\u0142alno\u015bci zmierzy\u0142a si\u0119 z pandemi\u0105 koronawirusa i wynikaj\u0105cymi z tego restrykcjami sanitarnymi. Ide\u0105 powstania Fundacji jest niesienie pomocy osobom niepe\u0142nosprawnym, a w szczeg\u00f3lno\u015bci dzieciom poprzez zaj\u0119cia rehabilitacyjne i terapeutyczne prowadzone wed\u0142ug Koncepcji Halliwick, WATSU oraz inne pokrewne formy pracy w wodzie z cia\u0142em. W tym celu &hellip; <\/p>\n<p class=\"link-more\"><a href=\"https:\/\/www.fundacjahipokamp.pl\/index.php\/fundacja-hipokamp\/\" class=\"more-link\">Czytaj dalej<span class=\"screen-reader-text\"> \u201eFundacja HIPOKAMP\u201d<\/span><\/a><\/p>\n","protected":false},"author":1,"featured_media":0,"parent":0,"menu_order":0,"comment_status":"closed","ping_status":"closed","template":"","meta":{"footnotes":""},"class_list":["post-82","page","type-page","status-publish","hentry"],"_links":{"self":[{"href":"https:\/\/www.fundacjahipokamp.pl\/index.php\/wp-json\/wp\/v2\/pages\/82","targetHints":{"allow":["GET"]}}],"collection":[{"href":"https:\/\/www.fundacjahipokamp.pl\/index.php\/wp-json\/wp\/v2\/pages"}],"about":[{"href":"https:\/\/www.fundacjahipokamp.pl\/index.php\/wp-json\/wp\/v2\/types\/page"}],"author":[{"embeddable":true,"href":"https:\/\/www.fundacjahipokamp.pl\/index.php\/wp-json\/wp\/v2\/users\/1"}],"replies":[{"embeddable":true,"href":"https:\/\/www.fundacjahipokamp.pl\/index.php\/wp-json\/wp\/v2\/comments?post=82"}],"version-history":[{"count":5,"href":"https:\/\/www.fundacjahipokamp.pl\/index.php\/wp-json\/wp\/v2\/pages\/82\/revisions"}],"predecessor-version":[{"id":350,"href":"https:\/\/www.fundacjahipokamp.pl\/index.php\/wp-json\/wp\/v2\/pages\/82\/revisions\/350"}],"wp:attachment":[{"href":"https:\/\/www.fundacjahipokamp.pl\/index.php\/wp-json\/wp\/v2\/media?parent=82"}],"curies":[{"name":"wp","href":"https:\/\/api.w.org\/{rel}","templated":true}]}}