{"id":77,"date":"2024-08-15T09:58:13","date_gmt":"2024-08-15T09:58:13","guid":{"rendered":"https:\/\/www.fundacjahipokamp.pl\/?page_id=77"},"modified":"2025-03-06T20:09:08","modified_gmt":"2025-03-06T20:09:08","slug":"polecamy","status":"publish","type":"page","link":"https:\/\/www.fundacjahipokamp.pl\/index.php\/polecamy\/","title":{"rendered":"Polecamy"},"content":{"rendered":"\n<p>Przedstawiamy Pa\u0144stwu list\u0119 kontaktow\u0105 polecanych przez Nas terapeut\u00f3w wodnych z poszczeg\u00f3lnych wojew\u00f3dztw naszego kraju.<br><br><strong>dolno\u015bl\u0105skie<\/strong><\/p>\n\n\n\n<p><br><strong>kujawsko-pomorskie<\/strong><\/p>\n\n\n\n<p><br><strong>lubelskie<\/strong><\/p>\n\n\n\n<p><br><strong>lubuskie<\/strong><\/p>\n\n\n\n<p><br><strong>\u0142\u00f3dzkie<\/strong><\/p>\n\n\n\n<p><br><strong>ma\u0142opolskie<\/strong><\/p>\n\n\n\n<p><br><strong>mazowieckie<\/strong><\/p>\n\n\n\n<p><br><strong>opolskie<\/strong><\/p>\n\n\n\n<p><br><strong>podkarpackie<\/strong><\/p>\n\n\n\n<p><br><strong>podlaskie<\/strong><\/p>\n\n\n\n<p><br><strong>pomorskie<\/strong><\/p>\n\n\n\n<p><br><strong>\u015bl\u0105skie<\/strong><\/p>\n\n\n\n<p><br><strong>\u015bwi\u0119tokrzyskie<\/strong><\/p>\n\n\n\n<p><br><strong>warmi\u0144sko-mazurskie<\/strong><\/p>\n\n\n\n<p><br><strong>wielkopolskie<\/strong><\/p>\n\n\n\n<p><br><strong>zachodniopomorskie<\/strong><\/p>\n\n\n\n<p><strong><a href=\"https:\/\/www.fundacjahipokamp.pl\/index.php\/aquaterapeuci-w-polsce\/\" data-type=\"page\" data-id=\"456\">Do\u0142\u0105cz do Nas!<\/a><\/strong><\/p>\n\n\n\n<p><\/p>\n\n\n\n<p><\/p>\n","protected":false},"excerpt":{"rendered":"<p>Przedstawiamy Pa\u0144stwu list\u0119 kontaktow\u0105 polecanych przez Nas terapeut\u00f3w wodnych z poszczeg\u00f3lnych wojew\u00f3dztw naszego kraju. dolno\u015bl\u0105skie kujawsko-pomorskie lubelskie lubuskie \u0142\u00f3dzkie ma\u0142opolskie mazowieckie opolskie podkarpackie podlaskie pomorskie \u015bl\u0105skie \u015bwi\u0119tokrzyskie warmi\u0144sko-mazurskie wielkopolskie zachodniopomorskie Do\u0142\u0105cz do Nas!<\/p>\n","protected":false},"author":1,"featured_media":0,"parent":0,"menu_order":0,"comment_status":"closed","ping_status":"closed","template":"","meta":{"footnotes":""},"class_list":["post-77","page","type-page","status-publish","hentry"],"_links":{"self":[{"href":"https:\/\/www.fundacjahipokamp.pl\/index.php\/wp-json\/wp\/v2\/pages\/77","targetHints":{"allow":["GET"]}}],"collection":[{"href":"https:\/\/www.fundacjahipokamp.pl\/index.php\/wp-json\/wp\/v2\/pages"}],"about":[{"href":"https:\/\/www.fundacjahipokamp.pl\/index.php\/wp-json\/wp\/v2\/types\/page"}],"author":[{"embeddable":true,"href":"https:\/\/www.fundacjahipokamp.pl\/index.php\/wp-json\/wp\/v2\/users\/1"}],"replies":[{"embeddable":true,"href":"https:\/\/www.fundacjahipokamp.pl\/index.php\/wp-json\/wp\/v2\/comments?post=77"}],"version-history":[{"count":8,"href":"https:\/\/www.fundacjahipokamp.pl\/index.php\/wp-json\/wp\/v2\/pages\/77\/revisions"}],"predecessor-version":[{"id":459,"href":"https:\/\/www.fundacjahipokamp.pl\/index.php\/wp-json\/wp\/v2\/pages\/77\/revisions\/459"}],"wp:attachment":[{"href":"https:\/\/www.fundacjahipokamp.pl\/index.php\/wp-json\/wp\/v2\/media?parent=77"}],"curies":[{"name":"wp","href":"https:\/\/api.w.org\/{rel}","templated":true}]}}