{"id":643,"date":"2026-02-14T15:16:20","date_gmt":"2026-02-14T15:16:20","guid":{"rendered":"https:\/\/www.fundacjahipokamp.pl\/?page_id=643"},"modified":"2026-02-18T16:31:01","modified_gmt":"2026-02-18T16:31:01","slug":"regulamin-zapisow-na-kursy","status":"publish","type":"page","link":"https:\/\/www.fundacjahipokamp.pl\/index.php\/regulamin-zapisow-na-kursy\/","title":{"rendered":"Regulamin organizowania kurs\u00f3w:"},"content":{"rendered":"\n<ol class=\"wp-block-list\">\n<li>Nocleg, pe\u0142ne wy\u017cywienie oraz przednocleg jest w cenie kursu.<\/li>\n\n\n\n<li>Ilo\u015b\u0107 os\u00f3b uczestnicz\u0105cych w kursach organizowanych w Augustowie: \n<ul class=\"wp-block-list\">\n<li>Koncepcja Halliwick\u00ae: min. 10 \u2013 max. 12<\/li>\n\n\n\n<li>Watsu\u00ae i inne kursy specjalistyczne min. 16.<\/li>\n<\/ul>\n<\/li>\n\n\n\n<li>Ilo\u015b\u0107 os\u00f3b uczestnicz\u0105cych w kursach organizowanych w Pogorza\u0142kach:\n<ul class=\"wp-block-list\">\n<li>Watsu\u00ae i inne kursy specjalistyczne w wodzie: min. 4 \u2013 max. 6<\/li>\n\n\n\n<li>Inne specjalistyczne kursy na l\u0105dzie: min. 10<\/li>\n<\/ul>\n<\/li>\n\n\n\n<li>Warunkiem wpisania na list\u0119 uczestnik\u00f3w jest dokonanie wp\u0142aty zadatku w wysoko\u015bci 1500z\u0142, w nieprzekraczalnym terminie wyznaczonym przez organizatora.<\/li>\n\n\n\n<li>Wp\u0142aty na kurs dokonuje si\u0119 na konto Fundacji Hipokamp:<\/li>\n<\/ol>\n\n\n\n<p class=\"has-text-align-center\">IBAN:<\/p>\n\n\n\n<p class=\"has-text-align-center\">PL89 1090 2590 0000 0001 4484 2190<\/p>\n\n\n\n<p class=\"has-text-align-center\">Kod SWIFT:<\/p>\n\n\n\n<p class=\"has-text-align-center\">WBKPPLPP<\/p>\n\n\n\n<p class=\"has-text-align-center\">Nazwa Banku:<\/p>\n\n\n\n<p class=\"has-text-align-center\">Santander Bank Polska S.A.<\/p>\n\n\n\n<p class=\"has-text-align-center\">Al. Jana Paw\u0142a II 17,<\/p>\n\n\n\n<p class=\"has-text-align-center\">00-854 Warszawa, Polska<\/p>\n\n\n\n<ul class=\"wp-block-list\">\n<li>Fundacja Hipokamp organizuje kursy Watsu\u00ae, Halliwick\u00ae, Aquakinezyterapii Funkcjonalnej poza harmonogramem dla grup zorganizowanych.<\/li>\n<\/ul>\n","protected":false},"excerpt":{"rendered":"<p>IBAN: PL89 1090 2590 0000 0001 4484 2190 Kod SWIFT: WBKPPLPP Nazwa Banku: Santander Bank Polska S.A. Al. Jana Paw\u0142a II 17, 00-854 Warszawa, Polska<\/p>\n","protected":false},"author":1,"featured_media":0,"parent":0,"menu_order":0,"comment_status":"closed","ping_status":"closed","template":"","meta":{"footnotes":""},"class_list":["post-643","page","type-page","status-publish","hentry"],"_links":{"self":[{"href":"https:\/\/www.fundacjahipokamp.pl\/index.php\/wp-json\/wp\/v2\/pages\/643","targetHints":{"allow":["GET"]}}],"collection":[{"href":"https:\/\/www.fundacjahipokamp.pl\/index.php\/wp-json\/wp\/v2\/pages"}],"about":[{"href":"https:\/\/www.fundacjahipokamp.pl\/index.php\/wp-json\/wp\/v2\/types\/page"}],"author":[{"embeddable":true,"href":"https:\/\/www.fundacjahipokamp.pl\/index.php\/wp-json\/wp\/v2\/users\/1"}],"replies":[{"embeddable":true,"href":"https:\/\/www.fundacjahipokamp.pl\/index.php\/wp-json\/wp\/v2\/comments?post=643"}],"version-history":[{"count":5,"href":"https:\/\/www.fundacjahipokamp.pl\/index.php\/wp-json\/wp\/v2\/pages\/643\/revisions"}],"predecessor-version":[{"id":659,"href":"https:\/\/www.fundacjahipokamp.pl\/index.php\/wp-json\/wp\/v2\/pages\/643\/revisions\/659"}],"wp:attachment":[{"href":"https:\/\/www.fundacjahipokamp.pl\/index.php\/wp-json\/wp\/v2\/media?parent=643"}],"curies":[{"name":"wp","href":"https:\/\/api.w.org\/{rel}","templated":true}]}}