{"id":614,"date":"2026-02-06T13:24:38","date_gmt":"2026-02-06T13:24:38","guid":{"rendered":"https:\/\/www.fundacjahipokamp.pl\/?page_id=614"},"modified":"2026-02-06T13:47:05","modified_gmt":"2026-02-06T13:47:05","slug":"2025-2","status":"publish","type":"page","link":"https:\/\/www.fundacjahipokamp.pl\/index.php\/2025-2\/","title":{"rendered":"2025"},"content":{"rendered":"\n<p><strong>13-14.12.2025 r. &#8211; II Zimowy Zjazd Sympatyk\u00f3w Terapii Wodnych<\/strong><\/p>\n\n\n\n<figure class=\"wp-block-image size-large\"><img loading=\"lazy\" decoding=\"async\" width=\"1024\" height=\"683\" src=\"https:\/\/www.fundacjahipokamp.pl\/wp-content\/uploads\/2025\/11\/zjazd-1024x683.jpg\" alt=\"\" class=\"wp-image-559\" srcset=\"https:\/\/www.fundacjahipokamp.pl\/wp-content\/uploads\/2025\/11\/zjazd-1024x683.jpg 1024w, https:\/\/www.fundacjahipokamp.pl\/wp-content\/uploads\/2025\/11\/zjazd-300x200.jpg 300w, https:\/\/www.fundacjahipokamp.pl\/wp-content\/uploads\/2025\/11\/zjazd-768x512.jpg 768w, https:\/\/www.fundacjahipokamp.pl\/wp-content\/uploads\/2025\/11\/zjazd.jpg 1080w\" sizes=\"auto, (max-width: 706px) 89vw, (max-width: 767px) 82vw, 740px\" \/><\/figure>\n\n\n\n<p><strong>6-7.12.2025 r. &#8211; XXIV \u015awi\u0105teczny Nocny Maraton P\u0142ywacki<\/strong><\/p>\n\n\n\n<figure class=\"wp-block-image size-large\"><img loading=\"lazy\" decoding=\"async\" width=\"724\" height=\"1024\" src=\"https:\/\/www.fundacjahipokamp.pl\/wp-content\/uploads\/2025\/11\/plakat-maraton-2025-724x1024.jpg\" alt=\"\" class=\"wp-image-537\" srcset=\"https:\/\/www.fundacjahipokamp.pl\/wp-content\/uploads\/2025\/11\/plakat-maraton-2025-724x1024.jpg 724w, https:\/\/www.fundacjahipokamp.pl\/wp-content\/uploads\/2025\/11\/plakat-maraton-2025-212x300.jpg 212w, https:\/\/www.fundacjahipokamp.pl\/wp-content\/uploads\/2025\/11\/plakat-maraton-2025-768x1086.jpg 768w, https:\/\/www.fundacjahipokamp.pl\/wp-content\/uploads\/2025\/11\/plakat-maraton-2025-1086x1536.jpg 1086w, https:\/\/www.fundacjahipokamp.pl\/wp-content\/uploads\/2025\/11\/plakat-maraton-2025.jpg 1414w\" sizes=\"auto, (max-width: 724px) 100vw, 724px\" \/><\/figure>\n\n\n\n<p><strong>19-22.11.2025 r. &#8211; Kurs Koncepcji Halliwick\u00ae<\/strong><\/p>\n\n\n\n<figure class=\"wp-block-image size-large\"><img loading=\"lazy\" decoding=\"async\" width=\"722\" height=\"1024\" src=\"https:\/\/www.fundacjahipokamp.pl\/wp-content\/uploads\/2025\/09\/19-22-Halliwick-722x1024.jpg\" alt=\"\" class=\"wp-image-516\" srcset=\"https:\/\/www.fundacjahipokamp.pl\/wp-content\/uploads\/2025\/09\/19-22-Halliwick-722x1024.jpg 722w, https:\/\/www.fundacjahipokamp.pl\/wp-content\/uploads\/2025\/09\/19-22-Halliwick-211x300.jpg 211w, https:\/\/www.fundacjahipokamp.pl\/wp-content\/uploads\/2025\/09\/19-22-Halliwick-768x1090.jpg 768w, https:\/\/www.fundacjahipokamp.pl\/wp-content\/uploads\/2025\/09\/19-22-Halliwick-1082x1536.jpg 1082w, https:\/\/www.fundacjahipokamp.pl\/wp-content\/uploads\/2025\/09\/19-22-Halliwick.jpg 1443w\" sizes=\"auto, (max-width: 722px) 100vw, 722px\" \/><\/figure>\n\n\n\n<p><strong>12.10.2025 r. &#8211; World CP Day<\/strong><\/p>\n\n\n\n<figure class=\"wp-block-image size-large\"><img loading=\"lazy\" decoding=\"async\" width=\"724\" height=\"1024\" src=\"https:\/\/www.fundacjahipokamp.pl\/wp-content\/uploads\/2025\/09\/CP-12.10-724x1024.jpg\" alt=\"\" class=\"wp-image-523\" srcset=\"https:\/\/www.fundacjahipokamp.pl\/wp-content\/uploads\/2025\/09\/CP-12.10-724x1024.jpg 724w, https:\/\/www.fundacjahipokamp.pl\/wp-content\/uploads\/2025\/09\/CP-12.10-212x300.jpg 212w, https:\/\/www.fundacjahipokamp.pl\/wp-content\/uploads\/2025\/09\/CP-12.10-768x1086.jpg 768w, https:\/\/www.fundacjahipokamp.pl\/wp-content\/uploads\/2025\/09\/CP-12.10-1086x1536.jpg 1086w, https:\/\/www.fundacjahipokamp.pl\/wp-content\/uploads\/2025\/09\/CP-12.10.jpg 1448w\" sizes=\"auto, (max-width: 724px) 100vw, 724px\" \/><\/figure>\n\n\n\n<p><strong>23-24.08.2025 r. &#8211; \u201eWatsu<strong>\u00ae<\/strong> Round\u201d oraz warsztaty energetyczne \u201eShiatsu \u2013 podstawy pracy z cia\u0142em\u201d.<\/strong><\/p>\n\n\n\n<figure class=\"wp-block-image size-large\"><img loading=\"lazy\" decoding=\"async\" width=\"1024\" height=\"684\" src=\"https:\/\/www.fundacjahipokamp.pl\/wp-content\/uploads\/2025\/07\/watsu-rund-oraz-Shiatsu-podstawy-pracy-z-cialem-1024x684.jpg\" alt=\"\" class=\"wp-image-501\" srcset=\"https:\/\/www.fundacjahipokamp.pl\/wp-content\/uploads\/2025\/07\/watsu-rund-oraz-Shiatsu-podstawy-pracy-z-cialem-1024x684.jpg 1024w, https:\/\/www.fundacjahipokamp.pl\/wp-content\/uploads\/2025\/07\/watsu-rund-oraz-Shiatsu-podstawy-pracy-z-cialem-300x200.jpg 300w, https:\/\/www.fundacjahipokamp.pl\/wp-content\/uploads\/2025\/07\/watsu-rund-oraz-Shiatsu-podstawy-pracy-z-cialem-768x513.jpg 768w, https:\/\/www.fundacjahipokamp.pl\/wp-content\/uploads\/2025\/07\/watsu-rund-oraz-Shiatsu-podstawy-pracy-z-cialem-1536x1025.jpg 1536w, https:\/\/www.fundacjahipokamp.pl\/wp-content\/uploads\/2025\/07\/watsu-rund-oraz-Shiatsu-podstawy-pracy-z-cialem.jpg 2048w\" sizes=\"auto, (max-width: 706px) 89vw, (max-width: 767px) 82vw, 740px\" \/><\/figure>\n\n\n\n<p><strong>19-23.05.2025 r. &#8211; Water &amp; Fire\u00ae 2<\/strong><\/p>\n\n\n\n<figure class=\"wp-block-image size-large\"><img loading=\"lazy\" decoding=\"async\" width=\"1024\" height=\"769\" src=\"https:\/\/www.fundacjahipokamp.pl\/wp-content\/uploads\/2025\/03\/water-fire-1024x769.jpg\" alt=\"\" class=\"wp-image-469\" srcset=\"https:\/\/www.fundacjahipokamp.pl\/wp-content\/uploads\/2025\/03\/water-fire-1024x769.jpg 1024w, https:\/\/www.fundacjahipokamp.pl\/wp-content\/uploads\/2025\/03\/water-fire-300x225.jpg 300w, https:\/\/www.fundacjahipokamp.pl\/wp-content\/uploads\/2025\/03\/water-fire-768x576.jpg 768w, https:\/\/www.fundacjahipokamp.pl\/wp-content\/uploads\/2025\/03\/water-fire-1536x1153.jpg 1536w, https:\/\/www.fundacjahipokamp.pl\/wp-content\/uploads\/2025\/03\/water-fire.jpg 2048w\" sizes=\"auto, (max-width: 706px) 89vw, (max-width: 767px) 82vw, 740px\" \/><\/figure>\n\n\n\n<p><strong>18-24.05.2025 r. &#8211; World Watsu<strong>\u00ae<\/strong> Week<\/strong><\/p>\n\n\n\n<figure class=\"wp-block-image size-large\"><img loading=\"lazy\" decoding=\"async\" width=\"1024\" height=\"713\" src=\"https:\/\/www.fundacjahipokamp.pl\/wp-content\/uploads\/2025\/05\/Tydzien-watsu-1024x713.jpg\" alt=\"\" class=\"wp-image-488\" srcset=\"https:\/\/www.fundacjahipokamp.pl\/wp-content\/uploads\/2025\/05\/Tydzien-watsu-1024x713.jpg 1024w, https:\/\/www.fundacjahipokamp.pl\/wp-content\/uploads\/2025\/05\/Tydzien-watsu-300x209.jpg 300w, https:\/\/www.fundacjahipokamp.pl\/wp-content\/uploads\/2025\/05\/Tydzien-watsu-768x535.jpg 768w, https:\/\/www.fundacjahipokamp.pl\/wp-content\/uploads\/2025\/05\/Tydzien-watsu.jpg 1206w\" sizes=\"auto, (max-width: 706px) 89vw, (max-width: 767px) 82vw, 740px\" \/><\/figure>\n\n\n\n<p><strong>12.04.2025 r &#8211; VI Otwarte Mistrzostwa Polski Nauczycieli i Pracownik\u00f3w O\u015bwiaty w p\u0142ywaniu.<\/strong><\/p>\n\n\n\n<figure class=\"wp-block-image size-large\"><img loading=\"lazy\" decoding=\"async\" width=\"719\" height=\"1024\" src=\"https:\/\/www.fundacjahipokamp.pl\/wp-content\/uploads\/2025\/03\/MP-719x1024.jpg\" alt=\"\" class=\"wp-image-472\" srcset=\"https:\/\/www.fundacjahipokamp.pl\/wp-content\/uploads\/2025\/03\/MP-719x1024.jpg 719w, https:\/\/www.fundacjahipokamp.pl\/wp-content\/uploads\/2025\/03\/MP-211x300.jpg 211w, https:\/\/www.fundacjahipokamp.pl\/wp-content\/uploads\/2025\/03\/MP-768x1094.jpg 768w, https:\/\/www.fundacjahipokamp.pl\/wp-content\/uploads\/2025\/03\/MP-1079x1536.jpg 1079w, https:\/\/www.fundacjahipokamp.pl\/wp-content\/uploads\/2025\/03\/MP.jpg 1438w\" sizes=\"auto, (max-width: 719px) 100vw, 719px\" \/><\/figure>\n\n\n\n<p><strong>7-11.03.2025 r. &#8211; Kurs WATSU\u00ae 2<\/strong><\/p>\n\n\n\n<p><\/p>\n\n\n\n<p><strong>30.01-2.02.2025 r. &#8211; Kurs Koncepcji Halliwick<\/strong><\/p>\n\n\n\n<figure class=\"wp-block-image size-large\"><img loading=\"lazy\" decoding=\"async\" width=\"1024\" height=\"726\" src=\"https:\/\/www.fundacjahipokamp.pl\/wp-content\/uploads\/2024\/11\/Plakat-Halliwick-1024x726.jpg\" alt=\"\" class=\"wp-image-374\" srcset=\"https:\/\/www.fundacjahipokamp.pl\/wp-content\/uploads\/2024\/11\/Plakat-Halliwick-1024x726.jpg 1024w, https:\/\/www.fundacjahipokamp.pl\/wp-content\/uploads\/2024\/11\/Plakat-Halliwick-300x213.jpg 300w, https:\/\/www.fundacjahipokamp.pl\/wp-content\/uploads\/2024\/11\/Plakat-Halliwick-768x545.jpg 768w, https:\/\/www.fundacjahipokamp.pl\/wp-content\/uploads\/2024\/11\/Plakat-Halliwick-1536x1089.jpg 1536w, https:\/\/www.fundacjahipokamp.pl\/wp-content\/uploads\/2024\/11\/Plakat-Halliwick-2048x1452.jpg 2048w\" sizes=\"auto, (max-width: 706px) 89vw, (max-width: 767px) 82vw, 740px\" \/><\/figure>\n\n\n\n<p><strong>25-29.01.2025r. &#8211; Kurs WATSU\u00ae 1<\/strong><\/p>\n\n\n\n<figure class=\"wp-block-image size-large\"><img loading=\"lazy\" decoding=\"async\" width=\"1024\" height=\"722\" src=\"https:\/\/www.fundacjahipokamp.pl\/wp-content\/uploads\/2025\/02\/Watsu1-2025.01.25.29-1024x722.jpg\" alt=\"\" class=\"wp-image-422\" srcset=\"https:\/\/www.fundacjahipokamp.pl\/wp-content\/uploads\/2025\/02\/Watsu1-2025.01.25.29-1024x722.jpg 1024w, https:\/\/www.fundacjahipokamp.pl\/wp-content\/uploads\/2025\/02\/Watsu1-2025.01.25.29-300x211.jpg 300w, https:\/\/www.fundacjahipokamp.pl\/wp-content\/uploads\/2025\/02\/Watsu1-2025.01.25.29-768x541.jpg 768w, https:\/\/www.fundacjahipokamp.pl\/wp-content\/uploads\/2025\/02\/Watsu1-2025.01.25.29-1536x1083.jpg 1536w, https:\/\/www.fundacjahipokamp.pl\/wp-content\/uploads\/2025\/02\/Watsu1-2025.01.25.29-2048x1444.jpg 2048w\" sizes=\"auto, (max-width: 706px) 89vw, (max-width: 767px) 82vw, 740px\" \/><\/figure>\n","protected":false},"excerpt":{"rendered":"<p>13-14.12.2025 r. &#8211; II Zimowy Zjazd Sympatyk\u00f3w Terapii Wodnych 6-7.12.2025 r. &#8211; XXIV \u015awi\u0105teczny Nocny Maraton P\u0142ywacki 19-22.11.2025 r. &#8211; Kurs Koncepcji Halliwick\u00ae 12.10.2025 r. &#8211; World CP Day 23-24.08.2025 r. &#8211; \u201eWatsu\u00ae Round\u201d oraz warsztaty energetyczne \u201eShiatsu \u2013 podstawy pracy z cia\u0142em\u201d. 19-23.05.2025 r. &#8211; Water &amp; Fire\u00ae 2 18-24.05.2025 r. &#8211; World Watsu\u00ae &hellip; <\/p>\n<p class=\"link-more\"><a href=\"https:\/\/www.fundacjahipokamp.pl\/index.php\/2025-2\/\" class=\"more-link\">Czytaj dalej<span class=\"screen-reader-text\"> \u201e2025\u201d<\/span><\/a><\/p>\n","protected":false},"author":1,"featured_media":0,"parent":0,"menu_order":0,"comment_status":"closed","ping_status":"closed","template":"","meta":{"footnotes":""},"class_list":["post-614","page","type-page","status-publish","hentry"],"_links":{"self":[{"href":"https:\/\/www.fundacjahipokamp.pl\/index.php\/wp-json\/wp\/v2\/pages\/614","targetHints":{"allow":["GET"]}}],"collection":[{"href":"https:\/\/www.fundacjahipokamp.pl\/index.php\/wp-json\/wp\/v2\/pages"}],"about":[{"href":"https:\/\/www.fundacjahipokamp.pl\/index.php\/wp-json\/wp\/v2\/types\/page"}],"author":[{"embeddable":true,"href":"https:\/\/www.fundacjahipokamp.pl\/index.php\/wp-json\/wp\/v2\/users\/1"}],"replies":[{"embeddable":true,"href":"https:\/\/www.fundacjahipokamp.pl\/index.php\/wp-json\/wp\/v2\/comments?post=614"}],"version-history":[{"count":3,"href":"https:\/\/www.fundacjahipokamp.pl\/index.php\/wp-json\/wp\/v2\/pages\/614\/revisions"}],"predecessor-version":[{"id":624,"href":"https:\/\/www.fundacjahipokamp.pl\/index.php\/wp-json\/wp\/v2\/pages\/614\/revisions\/624"}],"wp:attachment":[{"href":"https:\/\/www.fundacjahipokamp.pl\/index.php\/wp-json\/wp\/v2\/media?parent=614"}],"curies":[{"name":"wp","href":"https:\/\/api.w.org\/{rel}","templated":true}]}}