{"id":609,"date":"2026-02-06T13:04:34","date_gmt":"2026-02-06T13:04:34","guid":{"rendered":"https:\/\/www.fundacjahipokamp.pl\/?page_id=609"},"modified":"2026-02-10T20:28:53","modified_gmt":"2026-02-10T20:28:53","slug":"2023-2","status":"publish","type":"page","link":"https:\/\/www.fundacjahipokamp.pl\/index.php\/2023-2\/","title":{"rendered":"2023"},"content":{"rendered":"\n<p><strong>6.07.2023r. <\/strong>\u2013 V Konferencja on-line dla rodzic\u00f3w, nauczycieli, opiekun\u00f3w, terapeut\u00f3w i student\u00f3w kierunk\u00f3w pedagogicznych na temat wsparcia dzieci przedwcze\u015bnie urodzonych \u2013 temat <strong>\u201eTerapia w wodzie, czym r\u00f3\u017cni si\u0119 od nauki p\u0142ywania\u201d<\/strong> \u2013 Jacek Gregorczuk.<\/p>\n\n\n\n<p><a href=\"https:\/\/www.facebook.com\/events\/1730643584057317\">https:\/\/www.facebook.com\/events\/1730643584057317<\/a><\/p>\n\n\n\n<p><\/p>\n\n\n\n<p><strong>18-24.05.2023 r. &#8211; World Watsu\u00ae Week<\/strong><\/p>\n\n\n\n<figure class=\"wp-block-image size-large\"><img loading=\"lazy\" decoding=\"async\" width=\"1024\" height=\"578\" src=\"https:\/\/www.fundacjahipokamp.pl\/wp-content\/uploads\/2026\/02\/WWW-2023-1024x578.jpg\" alt=\"\" class=\"wp-image-610\" srcset=\"https:\/\/www.fundacjahipokamp.pl\/wp-content\/uploads\/2026\/02\/WWW-2023-1024x578.jpg 1024w, https:\/\/www.fundacjahipokamp.pl\/wp-content\/uploads\/2026\/02\/WWW-2023-300x169.jpg 300w, https:\/\/www.fundacjahipokamp.pl\/wp-content\/uploads\/2026\/02\/WWW-2023-768x433.jpg 768w, https:\/\/www.fundacjahipokamp.pl\/wp-content\/uploads\/2026\/02\/WWW-2023-1536x866.jpg 1536w, https:\/\/www.fundacjahipokamp.pl\/wp-content\/uploads\/2026\/02\/WWW-2023.jpg 2048w\" sizes=\"auto, (max-width: 706px) 89vw, (max-width: 767px) 82vw, 740px\" \/><\/figure>\n\n\n\n<p><strong>18-21.05.2023 r. &#8211; Kurs Podstawowy Koncepcji Halliwick\u00ae<\/strong><\/p>\n\n\n\n<figure class=\"wp-block-image size-full\"><img loading=\"lazy\" decoding=\"async\" width=\"1024\" height=\"768\" src=\"https:\/\/www.fundacjahipokamp.pl\/wp-content\/uploads\/2024\/09\/KH-18-21.05.2023.jpg\" alt=\"\" class=\"wp-image-318\" srcset=\"https:\/\/www.fundacjahipokamp.pl\/wp-content\/uploads\/2024\/09\/KH-18-21.05.2023.jpg 1024w, https:\/\/www.fundacjahipokamp.pl\/wp-content\/uploads\/2024\/09\/KH-18-21.05.2023-300x225.jpg 300w, https:\/\/www.fundacjahipokamp.pl\/wp-content\/uploads\/2024\/09\/KH-18-21.05.2023-768x576.jpg 768w\" sizes=\"auto, (max-width: 706px) 89vw, (max-width: 767px) 82vw, 740px\" \/><\/figure>\n\n\n\n<p><strong>26.04.2023r.<\/strong> \u2013 XIX Konferencja metodyczna z cyklu <strong>\u201eOddzia\u0142ywania terapeutyczne w pracy z uczniami z niepe\u0142nosprawno\u015bciami\u201d<\/strong> w Specjalnym O\u015brodku Szkolno \u2013Wychowawczym w Bia\u0142ymstoku. \u201c Koncepcja Halliwick oraz Watsu w terapii os\u00f3b z dysfunkcjami neurorozwojowymi i ruchowymi \u201c \u2013 Jacek Gregorczuk.<\/p>\n\n\n\n<p><a href=\"https:\/\/modm.edu.pl\/archiwum-wydarzen\/186-rok-szkolny-2022-2023.html?start=10\">https:\/\/modm.edu.pl\/archiwum-wydarzen\/186-rok-szkolny-2022-2023.html?start=10<\/a><\/p>\n\n\n\n<p><\/p>\n\n\n\n<p><strong>1.04.2023 r. &#8211; V Otwarte Mistrzostwa Polski Nauczycieli i Pracownik\u00f3w O\u015bwiaty w p\u0142ywaniu<\/strong><\/p>\n\n\n\n<p><a href=\"https:\/\/livetiming.pl\/contest\/676d2b81-4119-47b8-828d-ef9c44b675ba\">https:\/\/livetiming.pl\/contest\/676d2b81-4119-47b8-828d-ef9c44b675ba<\/a><\/p>\n\n\n\n<p><strong>29.03.2023 r. &#8211; Konferencja w SOSW w Bia\u0142ymstoku<\/strong><\/p>\n\n\n\n<p>W Specjalnym O\u015brodku Szkolno \u2013 Wychowawczym, b\u0119d\u0105cym siedzib\u0105 SCWEW Bia\u0142ystok odby\u0142a si\u0119 <strong>wizyta studyjna<\/strong>. Uczestniczyli w niej pracownicy Poradni Psychologiczno \u2013 Pedagogicznych z Bia\u0142egostoku oraz liczna delegacja naukowc\u00f3w z Mongolii, kt\u00f3rzy w ramach realizacji projektu Erasmus plus MELINC (\u201eTraining teachers for inclusion in Mongolia\u201d) odwiedzili Uniwersytet w Bia\u0142ymstoku oraz wybrane plac\u00f3wki o\u015bwiatowe. Jednym z punkt\u00f3w spotkania by\u0142 spacer edukacyjny, podczas kt\u00f3rego pracownicy SOS-W demonstrowali metody pracy, mi\u0119dzy innymi: metod\u0119 Halliwick (zaj\u0119cia w wodzie) \u2013 Jacek Gregorczuk.<\/p>\n\n\n\n<p><a href=\"https:\/\/scwew.sosw.bialystok.pl\/category\/aktualnosci\">https:\/\/scwew.sosw.bialystok.pl\/category\/aktualnosci<\/a><\/p>\n\n\n\n<p><\/p>\n\n\n\n<p><strong>23-27.01.2023 r. &#8211; Kurs WATSU\u00ae 1<\/strong><\/p>\n\n\n\n<p><a href=\"https:\/\/www.facebook.com\/FundacjaHipokamp\/posts\/pfbid02QSkUAinucxbwwAenuA3UFCTCtXiwGj98GUP8qFRMh5gw8beyRhH7y8rFg55PfUnvl\">https:\/\/www.facebook.com\/FundacjaHipokamp\/posts\/pfbid02QSkUAinucxbwwAenuA3UFCTCtXiwGj98GUP8qFRMh5gw8beyRhH7y8rFg55PfUnvl<\/a><\/p>\n","protected":false},"excerpt":{"rendered":"<p>6.07.2023r. \u2013 V Konferencja on-line dla rodzic\u00f3w, nauczycieli, opiekun\u00f3w, terapeut\u00f3w i student\u00f3w kierunk\u00f3w pedagogicznych na temat wsparcia dzieci przedwcze\u015bnie urodzonych \u2013 temat \u201eTerapia w wodzie, czym r\u00f3\u017cni si\u0119 od nauki p\u0142ywania\u201d \u2013 Jacek Gregorczuk. https:\/\/www.facebook.com\/events\/1730643584057317 18-24.05.2023 r. &#8211; World Watsu\u00ae Week 18-21.05.2023 r. &#8211; Kurs Podstawowy Koncepcji Halliwick\u00ae 26.04.2023r. \u2013 XIX Konferencja metodyczna z cyklu &hellip; <\/p>\n<p class=\"link-more\"><a href=\"https:\/\/www.fundacjahipokamp.pl\/index.php\/2023-2\/\" class=\"more-link\">Czytaj dalej<span class=\"screen-reader-text\"> \u201e2023\u201d<\/span><\/a><\/p>\n","protected":false},"author":1,"featured_media":0,"parent":0,"menu_order":0,"comment_status":"closed","ping_status":"closed","template":"","meta":{"footnotes":""},"class_list":["post-609","page","type-page","status-publish","hentry"],"_links":{"self":[{"href":"https:\/\/www.fundacjahipokamp.pl\/index.php\/wp-json\/wp\/v2\/pages\/609","targetHints":{"allow":["GET"]}}],"collection":[{"href":"https:\/\/www.fundacjahipokamp.pl\/index.php\/wp-json\/wp\/v2\/pages"}],"about":[{"href":"https:\/\/www.fundacjahipokamp.pl\/index.php\/wp-json\/wp\/v2\/types\/page"}],"author":[{"embeddable":true,"href":"https:\/\/www.fundacjahipokamp.pl\/index.php\/wp-json\/wp\/v2\/users\/1"}],"replies":[{"embeddable":true,"href":"https:\/\/www.fundacjahipokamp.pl\/index.php\/wp-json\/wp\/v2\/comments?post=609"}],"version-history":[{"count":3,"href":"https:\/\/www.fundacjahipokamp.pl\/index.php\/wp-json\/wp\/v2\/pages\/609\/revisions"}],"predecessor-version":[{"id":635,"href":"https:\/\/www.fundacjahipokamp.pl\/index.php\/wp-json\/wp\/v2\/pages\/609\/revisions\/635"}],"wp:attachment":[{"href":"https:\/\/www.fundacjahipokamp.pl\/index.php\/wp-json\/wp\/v2\/media?parent=609"}],"curies":[{"name":"wp","href":"https:\/\/api.w.org\/{rel}","templated":true}]}}