{"id":596,"date":"2026-02-04T11:50:34","date_gmt":"2026-02-04T11:50:34","guid":{"rendered":"https:\/\/www.fundacjahipokamp.pl\/?page_id=596"},"modified":"2026-02-06T13:49:00","modified_gmt":"2026-02-06T13:49:00","slug":"2022-r","status":"publish","type":"page","link":"https:\/\/www.fundacjahipokamp.pl\/index.php\/2022-r\/","title":{"rendered":"2022 r."},"content":{"rendered":"\n<p><strong>2022r. \u201eNasze zdrowie naszym skarbem \u2013 II edycja\u201d<\/strong><\/p>\n\n\n\n<p>Wsp\u00f3\u0142finansowane ze \u015brodk\u00f3w otrzymanych od Pa\u0144stwowego Funduszu Rehabilitacji Os\u00f3b Niepe\u0142nosprawnych na podstawie umowy z Wojew\u00f3dztwem Podlaskim \u2013 Regionalnym O\u015brodkiem Polityki Spo\u0142ecznej w ramach kt\u00f3rego by\u0142y prowadzone zaj\u0119cia z fizjoterapii, zaj\u0119cia w wodzie wg. koncepcji Halliwicka, terapii Integracji Sensorycznej oraz Biofeedback EFG , kt\u00f3rego wsparciem zosta\u0142o obj\u0119tych 25 dzieci niepe\u0142nosprawnych.<\/p>\n\n\n\n<p><strong>9-22.07.2022 r. &#8211; &#8222;EtnoPolska 2022&#8221;<\/strong><\/p>\n\n\n\n<p>Fundacja zawar\u0142a 29 czerwca 2022 r. porozumienie z Gminnym Centrum Kultury w Dobrzyniewie Du\u017cym w ramach zadania pn. \u201eKr\u00f3lewna p\u00f3l\u201d historia obrz\u0119dem pisana dofinansowanego ze \u015brodk\u00f3w Narodowego Centrum Kultury w ramach Programu Dotacyjnego i wspar\u0142a cykl warsztat\u00f3w scenograficznych \u201c Barwienie i zdobienie tkanin z u\u017cyciem technik batiku \u201c adresowanych do os\u00f3b z niepe\u0142nosprawno\u015bci\u0105. Zaj\u0119cia odbywa\u0142y si\u0119 w dniach 09.07.2022 i 16.07.2022 w \u015awietlicy Wiejskiej w Chrabo\u0142ach. Wykonane podczas nich prace wykorzystane zosta\u0142y jako elementy scenografi w spektaklu muzycznym \u201c Kr\u00f3lewna p\u00f3l \u201c \u2013 historia obrz\u0119dem pisana.<\/p>\n\n\n\n<figure class=\"wp-block-embed is-type-video is-provider-youtube wp-block-embed-youtube wp-embed-aspect-16-9 wp-has-aspect-ratio\"><div class=\"wp-block-embed__wrapper\">\n<iframe loading=\"lazy\" title=\"Kr\u00f3lewna p\u00f3l - spektakl muzyczny - zapowied\u017a premiery\" width=\"525\" height=\"295\" src=\"https:\/\/www.youtube.com\/embed\/xDqeE6hu96U?feature=oembed\" frameborder=\"0\" allow=\"accelerometer; autoplay; clipboard-write; encrypted-media; gyroscope; picture-in-picture; web-share\" referrerpolicy=\"strict-origin-when-cross-origin\" allowfullscreen><\/iframe>\n<\/div><\/figure>\n\n\n\n<p><strong>7.05.2022 r.<\/strong> &#8211; <strong>WABA Community Communication Forum 2022<\/strong> , temat <strong>\u201c A new theraprutical pool for WATSU \u201c<\/strong> \u2013 Jacek Gregorczuk<\/p>\n\n\n\n<p><a href=\"https:\/\/sites.google.com\/view\/wabaccf2022\/home\">https:\/\/sites.google.com\/view\/wabaccf2022\/home<\/a><\/p>\n\n\n\n<p><strong>6-10.04.2022 r. &#8211; Kurs WATSU\u00ae 1<\/strong><\/p>\n\n\n\n<p><a href=\"https:\/\/www.facebook.com\/events\/1125454818229827\">https:\/\/www.facebook.com\/events\/1125454818229827<\/a><\/p>\n\n\n\n<p><strong>2-3.04.2022 r. &#8211; IV Otwarte Mistrzostwa Polski Nauczycieli i Pracownik\u00f3w O\u015bwiaty w p\u0142ywaniu<\/strong><\/p>\n\n\n\n<p><a href=\"https:\/\/www.facebook.com\/jacek.gregorczuk\/posts\/pfbid037zh2phSuU8Xmkwt2QcZhbcATZKHyGBMWs2AhHf9vLtfurciTmEc6i1VyoyhwqsHpl\">https:\/\/www.facebook.com\/jacek.gregorczuk\/posts\/pfbid037zh2phSuU8Xmkwt2QcZhbcATZKHyGBMWs2AhHf9vLtfurciTmEc6i1VyoyhwqsHpl<\/a><\/p>\n\n\n\n<p><strong>2-6.02.2022 r. &#8211; Kurs WATSU\u00ae 1<\/strong><\/p>\n\n\n\n<p><a href=\"https:\/\/www.facebook.com\/groups\/141017325940901\/permalink\/6801379033237997\">https:\/\/www.facebook.com\/groups\/141017325940901\/permalink\/6801379033237997<\/a><\/p>\n\n\n\n<p><strong>22-23.01.2022 r. &#8211; Kurs Aquakinezyterapii Funkcjonalnej<\/strong><\/p>\n\n\n\n<figure class=\"wp-block-image size-full\"><img loading=\"lazy\" decoding=\"async\" width=\"720\" height=\"509\" src=\"https:\/\/www.fundacjahipokamp.pl\/wp-content\/uploads\/2026\/02\/AQ2022.jpg\" alt=\"\" class=\"wp-image-607\" srcset=\"https:\/\/www.fundacjahipokamp.pl\/wp-content\/uploads\/2026\/02\/AQ2022.jpg 720w, https:\/\/www.fundacjahipokamp.pl\/wp-content\/uploads\/2026\/02\/AQ2022-300x212.jpg 300w\" sizes=\"auto, (max-width: 720px) 100vw, 720px\" \/><\/figure>\n","protected":false},"excerpt":{"rendered":"<p>2022r. \u201eNasze zdrowie naszym skarbem \u2013 II edycja\u201d Wsp\u00f3\u0142finansowane ze \u015brodk\u00f3w otrzymanych od Pa\u0144stwowego Funduszu Rehabilitacji Os\u00f3b Niepe\u0142nosprawnych na podstawie umowy z Wojew\u00f3dztwem Podlaskim \u2013 Regionalnym O\u015brodkiem Polityki Spo\u0142ecznej w ramach kt\u00f3rego by\u0142y prowadzone zaj\u0119cia z fizjoterapii, zaj\u0119cia w wodzie wg. koncepcji Halliwicka, terapii Integracji Sensorycznej oraz Biofeedback EFG , kt\u00f3rego wsparciem zosta\u0142o obj\u0119tych 25 &hellip; <\/p>\n<p class=\"link-more\"><a href=\"https:\/\/www.fundacjahipokamp.pl\/index.php\/2022-r\/\" class=\"more-link\">Czytaj dalej<span class=\"screen-reader-text\"> \u201e2022 r.\u201d<\/span><\/a><\/p>\n","protected":false},"author":1,"featured_media":0,"parent":0,"menu_order":0,"comment_status":"closed","ping_status":"closed","template":"","meta":{"footnotes":""},"class_list":["post-596","page","type-page","status-publish","hentry"],"_links":{"self":[{"href":"https:\/\/www.fundacjahipokamp.pl\/index.php\/wp-json\/wp\/v2\/pages\/596","targetHints":{"allow":["GET"]}}],"collection":[{"href":"https:\/\/www.fundacjahipokamp.pl\/index.php\/wp-json\/wp\/v2\/pages"}],"about":[{"href":"https:\/\/www.fundacjahipokamp.pl\/index.php\/wp-json\/wp\/v2\/types\/page"}],"author":[{"embeddable":true,"href":"https:\/\/www.fundacjahipokamp.pl\/index.php\/wp-json\/wp\/v2\/users\/1"}],"replies":[{"embeddable":true,"href":"https:\/\/www.fundacjahipokamp.pl\/index.php\/wp-json\/wp\/v2\/comments?post=596"}],"version-history":[{"count":4,"href":"https:\/\/www.fundacjahipokamp.pl\/index.php\/wp-json\/wp\/v2\/pages\/596\/revisions"}],"predecessor-version":[{"id":626,"href":"https:\/\/www.fundacjahipokamp.pl\/index.php\/wp-json\/wp\/v2\/pages\/596\/revisions\/626"}],"wp:attachment":[{"href":"https:\/\/www.fundacjahipokamp.pl\/index.php\/wp-json\/wp\/v2\/media?parent=596"}],"curies":[{"name":"wp","href":"https:\/\/api.w.org\/{rel}","templated":true}]}}