{"id":594,"date":"2026-02-04T11:42:04","date_gmt":"2026-02-04T11:42:04","guid":{"rendered":"https:\/\/www.fundacjahipokamp.pl\/?page_id=594"},"modified":"2026-02-10T20:27:59","modified_gmt":"2026-02-10T20:27:59","slug":"2021-r","status":"publish","type":"page","link":"https:\/\/www.fundacjahipokamp.pl\/index.php\/2021-r\/","title":{"rendered":"2021 r."},"content":{"rendered":"\n<p><strong>1-5.12.2021 r. &#8211; Kurs WATSU\u00ae 3<\/strong><\/p>\n\n\n\n<figure class=\"wp-block-image size-full\"><img loading=\"lazy\" decoding=\"async\" width=\"1024\" height=\"768\" src=\"https:\/\/www.fundacjahipokamp.pl\/wp-content\/uploads\/2024\/09\/W3-01-05.12.2021jpg.jpg\" alt=\"\" class=\"wp-image-316\" srcset=\"https:\/\/www.fundacjahipokamp.pl\/wp-content\/uploads\/2024\/09\/W3-01-05.12.2021jpg.jpg 1024w, https:\/\/www.fundacjahipokamp.pl\/wp-content\/uploads\/2024\/09\/W3-01-05.12.2021jpg-300x225.jpg 300w, https:\/\/www.fundacjahipokamp.pl\/wp-content\/uploads\/2024\/09\/W3-01-05.12.2021jpg-768x576.jpg 768w\" sizes=\"auto, (max-width: 706px) 89vw, (max-width: 767px) 82vw, 740px\" \/><\/figure>\n\n\n\n<p><strong>6-11.11.2021 r. &#8211; Kurs Transition Flow<\/strong><\/p>\n\n\n\n<p><a href=\"https:\/\/www.facebook.com\/groups\/141017325940901\/permalink\/6152730388102868\">https:\/\/www.facebook.com\/groups\/141017325940901\/permalink\/6152730388102868<\/a><\/p>\n\n\n\n<p><a href=\"https:\/\/www.facebook.com\/events\/831810434164443\">https:\/\/www.facebook.com\/events\/831810434164443<\/a><\/p>\n\n\n\n<p><strong>27.10.2021r.<\/strong> \u2013 WSWFiT w Bia\u0142ymstoku, FORUM EDUKACYJNE \u2013 <strong>\u201c (Nie) nowe wyzwania wychowania fizycznego i sportu \u201c, \u201c Zaj\u0119cia w wodzie dla dzieci i m\u0142odzie\u017cy niepe\u0142nosprawnej \u201c <\/strong>\u2013 Jacek Gregorczuk.<\/p>\n\n\n\n<p><a href=\"https:\/\/pwszs.bialystok.pl\/wp-content\/uploads\/2021\/10\/Forum-ogloszenie.pdf\">https:\/\/pwszs.bialystok.pl\/wp-content\/uploads\/2021\/10\/Forum-ogloszenie.pdf<\/a><\/p>\n\n\n\n<p><\/p>\n\n\n\n<p><strong>11.10.2021r. \u2013 bezp\u0142atny webinar<\/strong> dla rodzic\u00f3w organizowany prze Fundacj\u0119 Mali Wojownicy pt. <strong>\u201cRola terapii w wodzie i czym r\u00f3\u017cni\u0105 si\u0119 od nauki p\u0142ywania\u201d<\/strong> \u2013 Jacek Gregorczuk.<\/p>\n\n\n\n<p><a href=\"https:\/\/zgloszenia24.pl\/f\/rola-terapii-w-wodzie-i-czym-rozni-sie-od-nauki-plywania\">https:\/\/zgloszenia24.pl\/f\/rola-terapii-w-wodzie-i-czym-rozni-sie-od-nauki-plywania<\/a><\/p>\n\n\n\n<p><\/p>\n\n\n\n<p><strong>18-19.09.2021 r. &#8211; Kurs WATSU\u00ae BASIC<\/strong><\/p>\n\n\n\n<p><a href=\"https:\/\/www.facebook.com\/events\/2899173777000422\">https:\/\/www.facebook.com\/events\/2899173777000422<\/a><\/p>\n\n\n\n<p><\/p>\n\n\n\n<p><strong>3-4.07.2021 r. &#8211; Kurs Aquakinezyterapii Funkcjonalnej<\/strong><\/p>\n\n\n\n<figure class=\"wp-block-image size-full\"><img loading=\"lazy\" decoding=\"async\" width=\"1024\" height=\"768\" src=\"https:\/\/www.fundacjahipokamp.pl\/wp-content\/uploads\/2024\/09\/AQTF-03-04.07.2021.jpg\" alt=\"\" class=\"wp-image-325\" srcset=\"https:\/\/www.fundacjahipokamp.pl\/wp-content\/uploads\/2024\/09\/AQTF-03-04.07.2021.jpg 1024w, https:\/\/www.fundacjahipokamp.pl\/wp-content\/uploads\/2024\/09\/AQTF-03-04.07.2021-300x225.jpg 300w, https:\/\/www.fundacjahipokamp.pl\/wp-content\/uploads\/2024\/09\/AQTF-03-04.07.2021-768x576.jpg 768w\" sizes=\"auto, (max-width: 706px) 89vw, (max-width: 767px) 82vw, 740px\" \/><\/figure>\n\n\n\n<p><\/p>\n\n\n\n<p><strong>26-30.06.2021r. &#8211; Kurs WATSU\u00ae 1<\/strong><\/p>\n\n\n\n<p><a href=\"https:\/\/www.facebook.com\/events\/1370369370002905\">https:\/\/www.facebook.com\/events\/1370369370002905<\/a><\/p>\n\n\n\n<p><\/p>\n\n\n\n<p><strong>3-6.06.2021 r. &#8211; Kurs Podstawowy Koncepcji Halliwick\u00ae<\/strong><\/p>\n\n\n\n<figure class=\"wp-block-image size-full\"><img loading=\"lazy\" decoding=\"async\" width=\"1024\" height=\"768\" src=\"https:\/\/www.fundacjahipokamp.pl\/wp-content\/uploads\/2024\/09\/KH-03-06.06.2021.jpg\" alt=\"\" class=\"wp-image-322\" srcset=\"https:\/\/www.fundacjahipokamp.pl\/wp-content\/uploads\/2024\/09\/KH-03-06.06.2021.jpg 1024w, https:\/\/www.fundacjahipokamp.pl\/wp-content\/uploads\/2024\/09\/KH-03-06.06.2021-300x225.jpg 300w, https:\/\/www.fundacjahipokamp.pl\/wp-content\/uploads\/2024\/09\/KH-03-06.06.2021-768x576.jpg 768w\" sizes=\"auto, (max-width: 706px) 89vw, (max-width: 767px) 82vw, 740px\" \/><\/figure>\n\n\n\n<p><\/p>\n\n\n\n<p><strong>25.05.2021 r. &#8211; WORLD WATSU\u00ae WEEK<\/strong><\/p>\n\n\n\n<p><a href=\"https:\/\/www.facebook.com\/groups\/141017325940901\/permalink\/5560553963987183\">https:\/\/www.facebook.com\/groups\/141017325940901\/permalink\/5560553963987183<\/a><\/p>\n\n\n\n<p><\/p>\n","protected":false},"excerpt":{"rendered":"<p>1-5.12.2021 r. &#8211; Kurs WATSU\u00ae 3 6-11.11.2021 r. &#8211; Kurs Transition Flow https:\/\/www.facebook.com\/groups\/141017325940901\/permalink\/6152730388102868 https:\/\/www.facebook.com\/events\/831810434164443 27.10.2021r. \u2013 WSWFiT w Bia\u0142ymstoku, FORUM EDUKACYJNE \u2013 \u201c (Nie) nowe wyzwania wychowania fizycznego i sportu \u201c, \u201c Zaj\u0119cia w wodzie dla dzieci i m\u0142odzie\u017cy niepe\u0142nosprawnej \u201c \u2013 Jacek Gregorczuk. https:\/\/pwszs.bialystok.pl\/wp-content\/uploads\/2021\/10\/Forum-ogloszenie.pdf 11.10.2021r. \u2013 bezp\u0142atny webinar dla rodzic\u00f3w organizowany prze Fundacj\u0119 Mali &hellip; <\/p>\n<p class=\"link-more\"><a href=\"https:\/\/www.fundacjahipokamp.pl\/index.php\/2021-r\/\" class=\"more-link\">Czytaj dalej<span class=\"screen-reader-text\"> \u201e2021 r.\u201d<\/span><\/a><\/p>\n","protected":false},"author":1,"featured_media":0,"parent":0,"menu_order":0,"comment_status":"closed","ping_status":"closed","template":"","meta":{"footnotes":""},"class_list":["post-594","page","type-page","status-publish","hentry"],"_links":{"self":[{"href":"https:\/\/www.fundacjahipokamp.pl\/index.php\/wp-json\/wp\/v2\/pages\/594","targetHints":{"allow":["GET"]}}],"collection":[{"href":"https:\/\/www.fundacjahipokamp.pl\/index.php\/wp-json\/wp\/v2\/pages"}],"about":[{"href":"https:\/\/www.fundacjahipokamp.pl\/index.php\/wp-json\/wp\/v2\/types\/page"}],"author":[{"embeddable":true,"href":"https:\/\/www.fundacjahipokamp.pl\/index.php\/wp-json\/wp\/v2\/users\/1"}],"replies":[{"embeddable":true,"href":"https:\/\/www.fundacjahipokamp.pl\/index.php\/wp-json\/wp\/v2\/comments?post=594"}],"version-history":[{"count":2,"href":"https:\/\/www.fundacjahipokamp.pl\/index.php\/wp-json\/wp\/v2\/pages\/594\/revisions"}],"predecessor-version":[{"id":634,"href":"https:\/\/www.fundacjahipokamp.pl\/index.php\/wp-json\/wp\/v2\/pages\/594\/revisions\/634"}],"wp:attachment":[{"href":"https:\/\/www.fundacjahipokamp.pl\/index.php\/wp-json\/wp\/v2\/media?parent=594"}],"curies":[{"name":"wp","href":"https:\/\/api.w.org\/{rel}","templated":true}]}}