{"id":589,"date":"2026-02-04T07:39:36","date_gmt":"2026-02-04T07:39:36","guid":{"rendered":"https:\/\/www.fundacjahipokamp.pl\/?page_id=589"},"modified":"2026-02-10T20:26:40","modified_gmt":"2026-02-10T20:26:40","slug":"2020-r","status":"publish","type":"page","link":"https:\/\/www.fundacjahipokamp.pl\/index.php\/2020-r\/","title":{"rendered":"2020 r."},"content":{"rendered":"\n<p><strong>30.05.2020 r. &#8211; Konferencja &#8222;Wcze\u015bniaki&#8221;<\/strong><\/p>\n\n\n\n<p>Przedstawiciel Fundacji Hipokamp \u2013 Jacek Gregorczuk uczestniczy\u0142 w <strong>konferencji \u201cWcze\u015bniaki\u201d<\/strong> organizowanej prze Fundacj\u0119 Mali Wojownicy omawiaj\u0105c terapie wodne wg.Koncepcji Halliwick, BRRM oraz WATSU.<\/p>\n\n\n\n<p><\/p>\n\n\n\n<p><strong>&#8222;EtnoPolska2020&#8221;<\/strong><\/p>\n\n\n\n<p>W ramach programu \u201eEtnoPolska 2020\u201d wsp\u00f3\u0142pracuj\u0105c z Gminnym Centrum Kultury w Dobrzyniewie Du\u017cym mieli\u015bmy mo\u017cliwo\u015b\u0107 wzi\u0119cia udzia\u0142u w tworzeniu etnomusicalu pn. \u201eOd Kupalnocki do wesela\u201d.<\/p>\n\n\n\n<figure class=\"wp-block-embed is-type-video is-provider-youtube wp-block-embed-youtube wp-embed-aspect-16-9 wp-has-aspect-ratio\"><div class=\"wp-block-embed__wrapper\">\n<iframe loading=\"lazy\" title=\"Etnomusical &quot;Od Kupalnocki do wesela&quot; - ca\u0142y film\" width=\"525\" height=\"295\" src=\"https:\/\/www.youtube.com\/embed\/rdcYyCCt23g?feature=oembed\" frameborder=\"0\" allow=\"accelerometer; autoplay; clipboard-write; encrypted-media; gyroscope; picture-in-picture; web-share\" referrerpolicy=\"strict-origin-when-cross-origin\" allowfullscreen><\/iframe>\n<\/div><\/figure>\n\n\n\n<p><\/p>\n\n\n\n<p><\/p>\n","protected":false},"excerpt":{"rendered":"<p>30.05.2020 r. &#8211; Konferencja &#8222;Wcze\u015bniaki&#8221; Przedstawiciel Fundacji Hipokamp \u2013 Jacek Gregorczuk uczestniczy\u0142 w konferencji \u201cWcze\u015bniaki\u201d organizowanej prze Fundacj\u0119 Mali Wojownicy omawiaj\u0105c terapie wodne wg.Koncepcji Halliwick, BRRM oraz WATSU. &#8222;EtnoPolska2020&#8221; W ramach programu \u201eEtnoPolska 2020\u201d wsp\u00f3\u0142pracuj\u0105c z Gminnym Centrum Kultury w Dobrzyniewie Du\u017cym mieli\u015bmy mo\u017cliwo\u015b\u0107 wzi\u0119cia udzia\u0142u w tworzeniu etnomusicalu pn. \u201eOd Kupalnocki do wesela\u201d.<\/p>\n","protected":false},"author":1,"featured_media":0,"parent":0,"menu_order":0,"comment_status":"closed","ping_status":"closed","template":"","meta":{"footnotes":""},"class_list":["post-589","page","type-page","status-publish","hentry"],"_links":{"self":[{"href":"https:\/\/www.fundacjahipokamp.pl\/index.php\/wp-json\/wp\/v2\/pages\/589","targetHints":{"allow":["GET"]}}],"collection":[{"href":"https:\/\/www.fundacjahipokamp.pl\/index.php\/wp-json\/wp\/v2\/pages"}],"about":[{"href":"https:\/\/www.fundacjahipokamp.pl\/index.php\/wp-json\/wp\/v2\/types\/page"}],"author":[{"embeddable":true,"href":"https:\/\/www.fundacjahipokamp.pl\/index.php\/wp-json\/wp\/v2\/users\/1"}],"replies":[{"embeddable":true,"href":"https:\/\/www.fundacjahipokamp.pl\/index.php\/wp-json\/wp\/v2\/comments?post=589"}],"version-history":[{"count":4,"href":"https:\/\/www.fundacjahipokamp.pl\/index.php\/wp-json\/wp\/v2\/pages\/589\/revisions"}],"predecessor-version":[{"id":633,"href":"https:\/\/www.fundacjahipokamp.pl\/index.php\/wp-json\/wp\/v2\/pages\/589\/revisions\/633"}],"wp:attachment":[{"href":"https:\/\/www.fundacjahipokamp.pl\/index.php\/wp-json\/wp\/v2\/media?parent=589"}],"curies":[{"name":"wp","href":"https:\/\/api.w.org\/{rel}","templated":true}]}}