{"id":456,"date":"2025-03-06T20:08:44","date_gmt":"2025-03-06T20:08:44","guid":{"rendered":"https:\/\/www.fundacjahipokamp.pl\/?page_id=456"},"modified":"2025-03-06T20:08:44","modified_gmt":"2025-03-06T20:08:44","slug":"aquaterapeuci-w-polsce","status":"publish","type":"page","link":"https:\/\/www.fundacjahipokamp.pl\/index.php\/aquaterapeuci-w-polsce\/","title":{"rendered":"AQUATERAPEUCI W POLSCE"},"content":{"rendered":"\n<p>Je\u017celi chcesz by\u0107 na naszej polskiej li\u015bcie Aquaterapeut\u00f3w, prosimy o wype\u0142nienie poni\u017cszego formularza i odes\u0142anie go na adres: <a href=\"mailto:fundacjahipokamp@gmail.com\">fundacjahipokamp@gmail.com<\/a><\/p>\n\n\n\n<p>Do\u0142\u0105cz do Aquaterapeut\u00f3w z ca\u0142ej Polski ju\u017c dzi\u015b!<\/p>\n\n\n\n<div data-wp-interactive=\"core\/file\" class=\"wp-block-file\"><object data-wp-bind--hidden=\"!state.hasPdfPreview\" hidden class=\"wp-block-file__embed\" data=\"https:\/\/www.fundacjahipokamp.pl\/wp-content\/uploads\/2025\/03\/zgoda-na-umieszczenia-danych-na-stronie-internetowej.pdf\" type=\"application\/pdf\" style=\"width:100%;height:600px\" aria-label=\"Osadzone z zgoda na umieszczenia danych na stronie internetowej.\"><\/object><a id=\"wp-block-file--media-4a3f58ad-fe8e-4040-96c8-abd66f039650\" href=\"https:\/\/www.fundacjahipokamp.pl\/wp-content\/uploads\/2025\/03\/zgoda-na-umieszczenia-danych-na-stronie-internetowej.pdf\">zgoda na umieszczenia danych na stronie internetowej<\/a><a href=\"https:\/\/www.fundacjahipokamp.pl\/wp-content\/uploads\/2025\/03\/zgoda-na-umieszczenia-danych-na-stronie-internetowej.pdf\" class=\"wp-block-file__button wp-element-button\" download aria-describedby=\"wp-block-file--media-4a3f58ad-fe8e-4040-96c8-abd66f039650\">Pobierz<\/a><\/div>\n","protected":false},"excerpt":{"rendered":"<p>Je\u017celi chcesz by\u0107 na naszej polskiej li\u015bcie Aquaterapeut\u00f3w, prosimy o wype\u0142nienie poni\u017cszego formularza i odes\u0142anie go na adres: fundacjahipokamp@gmail.com Do\u0142\u0105cz do Aquaterapeut\u00f3w z ca\u0142ej Polski ju\u017c dzi\u015b!<\/p>\n","protected":false},"author":1,"featured_media":0,"parent":0,"menu_order":0,"comment_status":"closed","ping_status":"closed","template":"","meta":{"footnotes":""},"class_list":["post-456","page","type-page","status-publish","hentry"],"_links":{"self":[{"href":"https:\/\/www.fundacjahipokamp.pl\/index.php\/wp-json\/wp\/v2\/pages\/456","targetHints":{"allow":["GET"]}}],"collection":[{"href":"https:\/\/www.fundacjahipokamp.pl\/index.php\/wp-json\/wp\/v2\/pages"}],"about":[{"href":"https:\/\/www.fundacjahipokamp.pl\/index.php\/wp-json\/wp\/v2\/types\/page"}],"author":[{"embeddable":true,"href":"https:\/\/www.fundacjahipokamp.pl\/index.php\/wp-json\/wp\/v2\/users\/1"}],"replies":[{"embeddable":true,"href":"https:\/\/www.fundacjahipokamp.pl\/index.php\/wp-json\/wp\/v2\/comments?post=456"}],"version-history":[{"count":1,"href":"https:\/\/www.fundacjahipokamp.pl\/index.php\/wp-json\/wp\/v2\/pages\/456\/revisions"}],"predecessor-version":[{"id":458,"href":"https:\/\/www.fundacjahipokamp.pl\/index.php\/wp-json\/wp\/v2\/pages\/456\/revisions\/458"}],"wp:attachment":[{"href":"https:\/\/www.fundacjahipokamp.pl\/index.php\/wp-json\/wp\/v2\/media?parent=456"}],"curies":[{"name":"wp","href":"https:\/\/api.w.org\/{rel}","templated":true}]}}