{"id":203,"date":"2024-08-24T16:59:36","date_gmt":"2024-08-24T16:59:36","guid":{"rendered":"https:\/\/www.fundacjahipokamp.pl\/?page_id=203"},"modified":"2026-01-05T17:19:56","modified_gmt":"2026-01-05T17:19:56","slug":"zawody","status":"publish","type":"page","link":"https:\/\/www.fundacjahipokamp.pl\/index.php\/zawody\/","title":{"rendered":"Zawody"},"content":{"rendered":"\n<p><\/p>\n\n\n\n<h1 class=\"wp-block-heading\">Aktualno\u015bci<\/h1>\n\n\n\n<h1 class=\"wp-block-heading\"><\/h1>\n\n\n\n<p><strong>6-7.12.2025r. Bia\u0142ystok \u2013 XXIV \u015awi\u0105teczny Nocny Maraton P\u0142ywacki<\/strong><\/p>\n\n\n\n<figure class=\"wp-block-image size-large\"><img loading=\"lazy\" decoding=\"async\" width=\"724\" height=\"1024\" src=\"https:\/\/www.fundacjahipokamp.pl\/wp-content\/uploads\/2025\/11\/plakat-maraton-2025-724x1024.jpg\" alt=\"\" class=\"wp-image-537\" srcset=\"https:\/\/www.fundacjahipokamp.pl\/wp-content\/uploads\/2025\/11\/plakat-maraton-2025-724x1024.jpg 724w, https:\/\/www.fundacjahipokamp.pl\/wp-content\/uploads\/2025\/11\/plakat-maraton-2025-212x300.jpg 212w, https:\/\/www.fundacjahipokamp.pl\/wp-content\/uploads\/2025\/11\/plakat-maraton-2025-768x1086.jpg 768w, https:\/\/www.fundacjahipokamp.pl\/wp-content\/uploads\/2025\/11\/plakat-maraton-2025-1086x1536.jpg 1086w, https:\/\/www.fundacjahipokamp.pl\/wp-content\/uploads\/2025\/11\/plakat-maraton-2025.jpg 1414w\" sizes=\"auto, (max-width: 724px) 100vw, 724px\" \/><\/figure>\n\n\n\n<p><\/p>\n\n\n\n<p><strong>12.04.2025r. Grajewo, VI Otwarte Mistrzostwa Polski Nauczycieli i Pracownik\u00f3w O\u015bwiaty w P\u0142ywaniu<\/strong><\/p>\n\n\n\n<figure class=\"wp-block-gallery has-nested-images columns-default is-cropped wp-block-gallery-1 is-layout-flex wp-block-gallery-is-layout-flex\">\n<figure class=\"wp-block-image size-large\"><img loading=\"lazy\" decoding=\"async\" width=\"719\" height=\"1024\" data-id=\"472\" src=\"https:\/\/www.fundacjahipokamp.pl\/wp-content\/uploads\/2025\/03\/MP-719x1024.jpg\" alt=\"\" class=\"wp-image-472\" srcset=\"https:\/\/www.fundacjahipokamp.pl\/wp-content\/uploads\/2025\/03\/MP-719x1024.jpg 719w, https:\/\/www.fundacjahipokamp.pl\/wp-content\/uploads\/2025\/03\/MP-211x300.jpg 211w, https:\/\/www.fundacjahipokamp.pl\/wp-content\/uploads\/2025\/03\/MP-768x1094.jpg 768w, https:\/\/www.fundacjahipokamp.pl\/wp-content\/uploads\/2025\/03\/MP-1079x1536.jpg 1079w, https:\/\/www.fundacjahipokamp.pl\/wp-content\/uploads\/2025\/03\/MP.jpg 1438w\" sizes=\"auto, (max-width: 719px) 100vw, 719px\" \/><\/figure>\n<\/figure>\n\n\n\n<p><a href=\"https:\/\/livetiming.pl\/contest\/157f898b-0419-43bc-ad62-3befad1208cc?fbclid=IwY2xjawKRg0hleHRuA2FlbQIxMABicmlkETA3NEN2S1psNW8wU1Zva3hPAR7Kz-cLHvcFwbsPmV-W-rq1zc8LAfcdiNIzHGf7jffQuTfFOBT7CX0-B8Rpmw_aem_SXwbZPUUxFf3QQ7F3-Ltew\">https:\/\/livetiming.pl\/contest\/157f898b-0419-43bc-ad62-3befad1208cc?fbclid=IwY2xjawKRg0hleHRuA2FlbQIxMABicmlkETA3NEN2S1psNW8wU1Zva3hPAR7Kz-cLHvcFwbsPmV-W-rq1zc8LAfcdiNIzHGf7jffQuTfFOBT7CX0-B8Rpmw_aem_SXwbZPUUxFf3QQ7F3-Ltew<\/a><\/p>\n\n\n\n<p><\/p>\n\n\n\n<p><strong>1.04.2023r. V Otwarte Mistrzostwa Polski Nauczycieli i Pracownik\u00f3w O\u015bwiaty w P\u0142ywaniu<br><\/strong><a href=\"https:\/\/livetiming.pl\/contest\/676d2b81-4119-47b8-828d-ef9c44b675ba\">https:\/\/livetiming.pl\/contest\/676d2b81-4119-47b8-828d-ef9c44b675ba<\/a><\/p>\n\n\n\n<div style=\"height:100px\" aria-hidden=\"true\" class=\"wp-block-spacer\"><\/div>\n\n\n\n<p><strong>2-3.04.2022r. IV Otwarte Mistrzostwa Polski Nauczycieli i Pracownik\u00f3w O\u015bwiaty w P\u0142ywaniu<br><\/strong><a href=\"https:\/\/www.facebook.com\/jacek.gregorczuk\/posts\/pfbid037zh2phSuU8Xmkwt2QcZhbcATZKHyGBMWs2AhHf9vLtfurciTmEc6i1VyoyhwqsHpl\">https:\/\/www.facebook.com\/jacek.gregorczuk\/posts\/pfbid037zh2phSuU8Xmkwt2QcZhbcATZKHyGBMWs2AhHf9vLtfurciTmEc6i1VyoyhwqsHpl<\/a><\/p>\n","protected":false},"excerpt":{"rendered":"<p>Aktualno\u015bci 6-7.12.2025r. Bia\u0142ystok \u2013 XXIV \u015awi\u0105teczny Nocny Maraton P\u0142ywacki 12.04.2025r. Grajewo, VI Otwarte Mistrzostwa Polski Nauczycieli i Pracownik\u00f3w O\u015bwiaty w P\u0142ywaniu https:\/\/livetiming.pl\/contest\/157f898b-0419-43bc-ad62-3befad1208cc?fbclid=IwY2xjawKRg0hleHRuA2FlbQIxMABicmlkETA3NEN2S1psNW8wU1Zva3hPAR7Kz-cLHvcFwbsPmV-W-rq1zc8LAfcdiNIzHGf7jffQuTfFOBT7CX0-B8Rpmw_aem_SXwbZPUUxFf3QQ7F3-Ltew 1.04.2023r. V Otwarte Mistrzostwa Polski Nauczycieli i Pracownik\u00f3w O\u015bwiaty w P\u0142ywaniuhttps:\/\/livetiming.pl\/contest\/676d2b81-4119-47b8-828d-ef9c44b675ba 2-3.04.2022r. IV Otwarte Mistrzostwa Polski Nauczycieli i Pracownik\u00f3w O\u015bwiaty w P\u0142ywaniuhttps:\/\/www.facebook.com\/jacek.gregorczuk\/posts\/pfbid037zh2phSuU8Xmkwt2QcZhbcATZKHyGBMWs2AhHf9vLtfurciTmEc6i1VyoyhwqsHpl<\/p>\n","protected":false},"author":1,"featured_media":0,"parent":0,"menu_order":0,"comment_status":"closed","ping_status":"closed","template":"","meta":{"footnotes":""},"class_list":["post-203","page","type-page","status-publish","hentry"],"_links":{"self":[{"href":"https:\/\/www.fundacjahipokamp.pl\/index.php\/wp-json\/wp\/v2\/pages\/203","targetHints":{"allow":["GET"]}}],"collection":[{"href":"https:\/\/www.fundacjahipokamp.pl\/index.php\/wp-json\/wp\/v2\/pages"}],"about":[{"href":"https:\/\/www.fundacjahipokamp.pl\/index.php\/wp-json\/wp\/v2\/types\/page"}],"author":[{"embeddable":true,"href":"https:\/\/www.fundacjahipokamp.pl\/index.php\/wp-json\/wp\/v2\/users\/1"}],"replies":[{"embeddable":true,"href":"https:\/\/www.fundacjahipokamp.pl\/index.php\/wp-json\/wp\/v2\/comments?post=203"}],"version-history":[{"count":4,"href":"https:\/\/www.fundacjahipokamp.pl\/index.php\/wp-json\/wp\/v2\/pages\/203\/revisions"}],"predecessor-version":[{"id":563,"href":"https:\/\/www.fundacjahipokamp.pl\/index.php\/wp-json\/wp\/v2\/pages\/203\/revisions\/563"}],"wp:attachment":[{"href":"https:\/\/www.fundacjahipokamp.pl\/index.php\/wp-json\/wp\/v2\/media?parent=203"}],"curies":[{"name":"wp","href":"https:\/\/api.w.org\/{rel}","templated":true}]}}