{"id":2,"date":"2024-08-10T09:41:27","date_gmt":"2024-08-10T09:41:27","guid":{"rendered":"https:\/\/www.fundacjahipokamp.pl\/?page_id=2"},"modified":"2024-08-24T17:20:54","modified_gmt":"2024-08-24T17:20:54","slug":"sample-page","status":"publish","type":"page","link":"https:\/\/www.fundacjahipokamp.pl\/index.php\/sample-page\/","title":{"rendered":"Nasza oferta"},"content":{"rendered":"\n<p>Stosowane przez nas techniki to najbardziej rozwini\u0119ta forma pracy z cia\u0142em, obejmuj\u0105ca ca\u0142e sekwencje \u0107wicze\u0144, ucisk\u00f3w i mi\u0119kkiej mobilizacji staw\u00f3w wykonywana przez terapeut\u0119 w wodzie. <\/p>\n\n\n\n<p><a href=\"https:\/\/www.fundacjahipokamp.pl\/index.php\/opisy-technik-terapii-w-wodzie\/\" data-type=\"page\" data-id=\"138\"><strong>Metody i koncepcje pracy w wodzie<\/strong><\/a><br><strong><a href=\"https:\/\/www.fundacjahipokamp.pl\/index.php\/cennik\/\" data-type=\"page\" data-id=\"145\">Cennik<\/a><\/strong><\/p>\n\n\n\n<blockquote class=\"wp-block-quote is-layout-flow wp-block-quote-is-layout-flow\">\n<p><\/p>\n<\/blockquote>\n\n\n\n<p><\/p>\n","protected":false},"excerpt":{"rendered":"<p>Stosowane przez nas techniki to najbardziej rozwini\u0119ta forma pracy z cia\u0142em, obejmuj\u0105ca ca\u0142e sekwencje \u0107wicze\u0144, ucisk\u00f3w i mi\u0119kkiej mobilizacji staw\u00f3w wykonywana przez terapeut\u0119 w wodzie. Metody i koncepcje pracy w wodzieCennik<\/p>\n","protected":false},"author":1,"featured_media":96,"parent":0,"menu_order":0,"comment_status":"closed","ping_status":"open","template":"","meta":{"footnotes":""},"class_list":["post-2","page","type-page","status-publish","has-post-thumbnail","hentry"],"_links":{"self":[{"href":"https:\/\/www.fundacjahipokamp.pl\/index.php\/wp-json\/wp\/v2\/pages\/2","targetHints":{"allow":["GET"]}}],"collection":[{"href":"https:\/\/www.fundacjahipokamp.pl\/index.php\/wp-json\/wp\/v2\/pages"}],"about":[{"href":"https:\/\/www.fundacjahipokamp.pl\/index.php\/wp-json\/wp\/v2\/types\/page"}],"author":[{"embeddable":true,"href":"https:\/\/www.fundacjahipokamp.pl\/index.php\/wp-json\/wp\/v2\/users\/1"}],"replies":[{"embeddable":true,"href":"https:\/\/www.fundacjahipokamp.pl\/index.php\/wp-json\/wp\/v2\/comments?post=2"}],"version-history":[{"count":8,"href":"https:\/\/www.fundacjahipokamp.pl\/index.php\/wp-json\/wp\/v2\/pages\/2\/revisions"}],"predecessor-version":[{"id":213,"href":"https:\/\/www.fundacjahipokamp.pl\/index.php\/wp-json\/wp\/v2\/pages\/2\/revisions\/213"}],"wp:featuredmedia":[{"embeddable":true,"href":"https:\/\/www.fundacjahipokamp.pl\/index.php\/wp-json\/wp\/v2\/media\/96"}],"wp:attachment":[{"href":"https:\/\/www.fundacjahipokamp.pl\/index.php\/wp-json\/wp\/v2\/media?parent=2"}],"curies":[{"name":"wp","href":"https:\/\/api.w.org\/{rel}","templated":true}]}}