{"id":191,"date":"2024-08-24T16:38:21","date_gmt":"2024-08-24T16:38:21","guid":{"rendered":"https:\/\/www.fundacjahipokamp.pl\/?page_id=191"},"modified":"2026-01-05T17:29:47","modified_gmt":"2026-01-05T17:29:47","slug":"wydarzenia","status":"publish","type":"page","link":"https:\/\/www.fundacjahipokamp.pl\/index.php\/wydarzenia\/","title":{"rendered":"Wydarzenia\u00a0"},"content":{"rendered":"\n<p><strong>World CP Day &#8211; 12.10.2025 r.<\/strong><\/p>\n\n\n\n<p><strong>\u015awiatowy Dzie\u0144 M\u00f3zgowego Pora\u017cenia Dzieci\u0119cego<\/strong> <strong>2025<\/strong><\/p>\n\n\n\n<figure class=\"wp-block-image size-large\"><img loading=\"lazy\" decoding=\"async\" width=\"724\" height=\"1024\" src=\"https:\/\/www.fundacjahipokamp.pl\/wp-content\/uploads\/2025\/09\/CP-12.10-724x1024.jpg\" alt=\"\" class=\"wp-image-523\" srcset=\"https:\/\/www.fundacjahipokamp.pl\/wp-content\/uploads\/2025\/09\/CP-12.10-724x1024.jpg 724w, https:\/\/www.fundacjahipokamp.pl\/wp-content\/uploads\/2025\/09\/CP-12.10-212x300.jpg 212w, https:\/\/www.fundacjahipokamp.pl\/wp-content\/uploads\/2025\/09\/CP-12.10-768x1086.jpg 768w, https:\/\/www.fundacjahipokamp.pl\/wp-content\/uploads\/2025\/09\/CP-12.10-1086x1536.jpg 1086w, https:\/\/www.fundacjahipokamp.pl\/wp-content\/uploads\/2025\/09\/CP-12.10.jpg 1448w\" sizes=\"auto, (max-width: 724px) 100vw, 724px\" \/><\/figure>\n\n\n\n<p><\/p>\n\n\n\n<p><strong>World CP Day<\/strong> &#8211;  <strong>6.10. 2024 r.<\/strong><\/p>\n\n\n\n<p><strong>\u015awiatowy Dzie\u0144 M\u00f3zgowego Pora\u017cenia Dzieci\u0119cego<\/strong> <strong>2024<\/strong><\/p>\n\n\n\n<figure class=\"wp-block-image size-large\"><img loading=\"lazy\" decoding=\"async\" width=\"1024\" height=\"722\" src=\"https:\/\/www.fundacjahipokamp.pl\/wp-content\/uploads\/2024\/10\/Swiatowy-Dzien-CP-1024x722.jpg\" alt=\"\" class=\"wp-image-360\" srcset=\"https:\/\/www.fundacjahipokamp.pl\/wp-content\/uploads\/2024\/10\/Swiatowy-Dzien-CP-1024x722.jpg 1024w, https:\/\/www.fundacjahipokamp.pl\/wp-content\/uploads\/2024\/10\/Swiatowy-Dzien-CP-300x211.jpg 300w, https:\/\/www.fundacjahipokamp.pl\/wp-content\/uploads\/2024\/10\/Swiatowy-Dzien-CP-768x541.jpg 768w, https:\/\/www.fundacjahipokamp.pl\/wp-content\/uploads\/2024\/10\/Swiatowy-Dzien-CP-1536x1083.jpg 1536w, https:\/\/www.fundacjahipokamp.pl\/wp-content\/uploads\/2024\/10\/Swiatowy-Dzien-CP-2048x1444.jpg 2048w\" sizes=\"auto, (max-width: 706px) 89vw, (max-width: 767px) 82vw, 740px\" \/><\/figure>\n\n\n\n<p><\/p>\n\n\n\n<p><\/p>\n\n\n\n<p><strong>WORLD WATSU WEEK<\/strong> &#8211; <strong>18-24.05.2025 r.<\/strong><\/p>\n\n\n\n<p><strong>\u015awiatowy Tydzie\u0144 WATSU w Polsce<\/strong><\/p>\n\n\n\n<figure class=\"wp-block-image size-large\"><img loading=\"lazy\" decoding=\"async\" width=\"1024\" height=\"713\" src=\"https:\/\/www.fundacjahipokamp.pl\/wp-content\/uploads\/2025\/05\/Tydzien-watsu-1024x713.jpg\" alt=\"\" class=\"wp-image-488\" srcset=\"https:\/\/www.fundacjahipokamp.pl\/wp-content\/uploads\/2025\/05\/Tydzien-watsu-1024x713.jpg 1024w, https:\/\/www.fundacjahipokamp.pl\/wp-content\/uploads\/2025\/05\/Tydzien-watsu-300x209.jpg 300w, https:\/\/www.fundacjahipokamp.pl\/wp-content\/uploads\/2025\/05\/Tydzien-watsu-768x535.jpg 768w, https:\/\/www.fundacjahipokamp.pl\/wp-content\/uploads\/2025\/05\/Tydzien-watsu.jpg 1206w\" sizes=\"auto, (max-width: 706px) 89vw, (max-width: 767px) 82vw, 740px\" \/><\/figure>\n\n\n\n<p><\/p>\n\n\n\n<p><\/p>\n\n\n\n<p><strong>2023r.<\/strong><\/p>\n\n\n\n<p><a href=\"https:\/\/www.facebook.com\/groups\/141017325940901\/permalink\/9331113633597845\">https:\/\/www.facebook.com\/groups\/141017325940901\/permalink\/9331113633597845<\/a><\/p>\n\n\n\n<p><strong>2021r.<\/strong><\/p>\n\n\n\n<p><a href=\"https:\/\/www.facebook.com\/groups\/141017325940901\/permalink\/5560553963987183\">https:\/\/www.facebook.com\/groups\/141017325940901\/permalink\/5560553963987183<\/a><\/p>\n\n\n\n<p><\/p>\n\n\n\n<p><\/p>\n\n\n\n<p><strong>2019r.<\/strong><\/p>\n\n\n\n<p><a href=\"https:\/\/www.facebook.com\/groups\/141017325940901\/permalink\/3113198645389406\">https:\/\/www.facebook.com\/groups\/141017325940901\/permalink\/3113198645389406<\/a><\/p>\n\n\n\n<p><a href=\"https:\/\/www.facebook.com\/jacek.gregorczuk\/posts\/pfbid031P2xj29Lb3EZMg8bYZKwhrRAtEWPpkTmueNxYSjCP2Mc7FsXfJa76vZG2SNUgzPwl\">https:\/\/www.facebook.com\/jacek.gregorczuk\/posts\/pfbid031P2xj29Lb3EZMg8bYZKwhrRAtEWPpkTmueNxYSjCP2Mc7FsXfJa76vZG2SNUgzPwl<\/a><\/p>\n\n\n\n<p><\/p>\n\n\n\n<p><strong> II Zimowy Zjazd Sympatyk\u00f3w Terapii Wodnych<\/strong> &#8211; <strong>13 -14.12.2025 r.<\/strong><\/p>\n\n\n\n<figure class=\"wp-block-image size-large\"><img loading=\"lazy\" decoding=\"async\" width=\"1024\" height=\"683\" src=\"https:\/\/www.fundacjahipokamp.pl\/wp-content\/uploads\/2025\/11\/zjazd-1024x683.jpg\" alt=\"\" class=\"wp-image-559\" srcset=\"https:\/\/www.fundacjahipokamp.pl\/wp-content\/uploads\/2025\/11\/zjazd-1024x683.jpg 1024w, https:\/\/www.fundacjahipokamp.pl\/wp-content\/uploads\/2025\/11\/zjazd-300x200.jpg 300w, https:\/\/www.fundacjahipokamp.pl\/wp-content\/uploads\/2025\/11\/zjazd-768x512.jpg 768w, https:\/\/www.fundacjahipokamp.pl\/wp-content\/uploads\/2025\/11\/zjazd.jpg 1080w\" sizes=\"auto, (max-width: 706px) 89vw, (max-width: 767px) 82vw, 740px\" \/><\/figure>\n\n\n\n<p><\/p>\n\n\n\n<p><strong>I Zimowy Zjazd Sympatyk\u00f3w Terapii Wodnych<\/strong> &#8211; <strong>14-15.12.2024 r.<\/strong><\/p>\n\n\n\n<figure class=\"wp-block-image size-large\"><img loading=\"lazy\" decoding=\"async\" width=\"722\" height=\"1024\" src=\"https:\/\/www.fundacjahipokamp.pl\/wp-content\/uploads\/2025\/09\/Zjazd-II-722x1024.jpg\" alt=\"\" class=\"wp-image-510\" srcset=\"https:\/\/www.fundacjahipokamp.pl\/wp-content\/uploads\/2025\/09\/Zjazd-II-722x1024.jpg 722w, https:\/\/www.fundacjahipokamp.pl\/wp-content\/uploads\/2025\/09\/Zjazd-II-212x300.jpg 212w, https:\/\/www.fundacjahipokamp.pl\/wp-content\/uploads\/2025\/09\/Zjazd-II-768x1089.jpg 768w, https:\/\/www.fundacjahipokamp.pl\/wp-content\/uploads\/2025\/09\/Zjazd-II-1083x1536.jpg 1083w, https:\/\/www.fundacjahipokamp.pl\/wp-content\/uploads\/2025\/09\/Zjazd-II.jpg 1444w\" sizes=\"auto, (max-width: 722px) 100vw, 722px\" \/><\/figure>\n","protected":false},"excerpt":{"rendered":"<p>World CP Day &#8211; 12.10.2025 r. \u015awiatowy Dzie\u0144 M\u00f3zgowego Pora\u017cenia Dzieci\u0119cego 2025 World CP Day &#8211; 6.10. 2024 r. \u015awiatowy Dzie\u0144 M\u00f3zgowego Pora\u017cenia Dzieci\u0119cego 2024 WORLD WATSU WEEK &#8211; 18-24.05.2025 r. \u015awiatowy Tydzie\u0144 WATSU w Polsce 2023r. https:\/\/www.facebook.com\/groups\/141017325940901\/permalink\/9331113633597845 2021r. https:\/\/www.facebook.com\/groups\/141017325940901\/permalink\/5560553963987183 2019r. https:\/\/www.facebook.com\/groups\/141017325940901\/permalink\/3113198645389406 https:\/\/www.facebook.com\/jacek.gregorczuk\/posts\/pfbid031P2xj29Lb3EZMg8bYZKwhrRAtEWPpkTmueNxYSjCP2Mc7FsXfJa76vZG2SNUgzPwl II Zimowy Zjazd Sympatyk\u00f3w Terapii Wodnych &#8211; 13 -14.12.2025 r. I Zimowy &hellip; <\/p>\n<p class=\"link-more\"><a href=\"https:\/\/www.fundacjahipokamp.pl\/index.php\/wydarzenia\/\" class=\"more-link\">Czytaj dalej<span class=\"screen-reader-text\"> \u201eWydarzenia\u00a0\u201d<\/span><\/a><\/p>\n","protected":false},"author":1,"featured_media":0,"parent":0,"menu_order":0,"comment_status":"closed","ping_status":"closed","template":"","meta":{"footnotes":""},"class_list":["post-191","page","type-page","status-publish","hentry"],"_links":{"self":[{"href":"https:\/\/www.fundacjahipokamp.pl\/index.php\/wp-json\/wp\/v2\/pages\/191","targetHints":{"allow":["GET"]}}],"collection":[{"href":"https:\/\/www.fundacjahipokamp.pl\/index.php\/wp-json\/wp\/v2\/pages"}],"about":[{"href":"https:\/\/www.fundacjahipokamp.pl\/index.php\/wp-json\/wp\/v2\/types\/page"}],"author":[{"embeddable":true,"href":"https:\/\/www.fundacjahipokamp.pl\/index.php\/wp-json\/wp\/v2\/users\/1"}],"replies":[{"embeddable":true,"href":"https:\/\/www.fundacjahipokamp.pl\/index.php\/wp-json\/wp\/v2\/comments?post=191"}],"version-history":[{"count":14,"href":"https:\/\/www.fundacjahipokamp.pl\/index.php\/wp-json\/wp\/v2\/pages\/191\/revisions"}],"predecessor-version":[{"id":572,"href":"https:\/\/www.fundacjahipokamp.pl\/index.php\/wp-json\/wp\/v2\/pages\/191\/revisions\/572"}],"wp:attachment":[{"href":"https:\/\/www.fundacjahipokamp.pl\/index.php\/wp-json\/wp\/v2\/media?parent=191"}],"curies":[{"name":"wp","href":"https:\/\/api.w.org\/{rel}","templated":true}]}}