{"id":145,"date":"2024-08-18T17:21:42","date_gmt":"2024-08-18T17:21:42","guid":{"rendered":"https:\/\/www.fundacjahipokamp.pl\/?page_id=145"},"modified":"2025-09-22T08:23:42","modified_gmt":"2025-09-22T08:23:42","slug":"cennik","status":"publish","type":"page","link":"https:\/\/www.fundacjahipokamp.pl\/index.php\/cennik\/","title":{"rendered":"Cennik"},"content":{"rendered":"\n<p><strong>Terapia w wodzie wg.Koncepcji Halliwick (miejsce Pogorza\u0142ki)<br><\/strong>30 minut \u2013 80z\u0142<br>45 minut \u2013 120z\u0142<\/p>\n\n\n\n<p><strong>Sesje WATSU (miejsce Pogorza\u0142ki)<br><\/strong>45 minut \u2013 120z\u0142<br>60 minut \u2013 150z\u0142<\/p>\n\n\n\n<p><strong>Zaj\u0119cia grupowe na basenie przy DPS (miejsce Bia\u0142ystok)<\/strong><br>36 zaj\u0119\u0107 \u2013 1800z\u0142<br>(ca\u0142y rok szkolny 1 x w tygodniu)<\/p>\n\n\n\n<p><strong>W ramach Fundacji Mali Wojownicy brodzik P\u0142ywalni Sportowej (miejsce Bia\u0142ystok)<\/strong><br>Zaj\u0119cia grupowe (rodzic + dziecko)<br>30 minut \u2013 45z\u0142<br>Zaj\u0119cia grupowe<br>45 minut \u2013 45z\u0142<\/p>\n","protected":false},"excerpt":{"rendered":"<p>Terapia w wodzie wg.Koncepcji Halliwick (miejsce Pogorza\u0142ki)30 minut \u2013 80z\u014245 minut \u2013 120z\u0142 Sesje WATSU (miejsce Pogorza\u0142ki)45 minut \u2013 120z\u014260 minut \u2013 150z\u0142 Zaj\u0119cia grupowe na basenie przy DPS (miejsce Bia\u0142ystok)36 zaj\u0119\u0107 \u2013 1800z\u0142(ca\u0142y rok szkolny 1 x w tygodniu) W ramach Fundacji Mali Wojownicy brodzik P\u0142ywalni Sportowej (miejsce Bia\u0142ystok)Zaj\u0119cia grupowe (rodzic + dziecko)30 minut &hellip; <\/p>\n<p class=\"link-more\"><a href=\"https:\/\/www.fundacjahipokamp.pl\/index.php\/cennik\/\" class=\"more-link\">Czytaj dalej<span class=\"screen-reader-text\"> \u201eCennik\u201d<\/span><\/a><\/p>\n","protected":false},"author":1,"featured_media":0,"parent":0,"menu_order":0,"comment_status":"closed","ping_status":"closed","template":"","meta":{"footnotes":""},"class_list":["post-145","page","type-page","status-publish","hentry"],"_links":{"self":[{"href":"https:\/\/www.fundacjahipokamp.pl\/index.php\/wp-json\/wp\/v2\/pages\/145","targetHints":{"allow":["GET"]}}],"collection":[{"href":"https:\/\/www.fundacjahipokamp.pl\/index.php\/wp-json\/wp\/v2\/pages"}],"about":[{"href":"https:\/\/www.fundacjahipokamp.pl\/index.php\/wp-json\/wp\/v2\/types\/page"}],"author":[{"embeddable":true,"href":"https:\/\/www.fundacjahipokamp.pl\/index.php\/wp-json\/wp\/v2\/users\/1"}],"replies":[{"embeddable":true,"href":"https:\/\/www.fundacjahipokamp.pl\/index.php\/wp-json\/wp\/v2\/comments?post=145"}],"version-history":[{"count":5,"href":"https:\/\/www.fundacjahipokamp.pl\/index.php\/wp-json\/wp\/v2\/pages\/145\/revisions"}],"predecessor-version":[{"id":527,"href":"https:\/\/www.fundacjahipokamp.pl\/index.php\/wp-json\/wp\/v2\/pages\/145\/revisions\/527"}],"wp:attachment":[{"href":"https:\/\/www.fundacjahipokamp.pl\/index.php\/wp-json\/wp\/v2\/media?parent=145"}],"curies":[{"name":"wp","href":"https:\/\/api.w.org\/{rel}","templated":true}]}}