{"id":128,"date":"2024-08-18T16:51:54","date_gmt":"2024-08-18T16:51:54","guid":{"rendered":"https:\/\/www.fundacjahipokamp.pl\/?page_id=128"},"modified":"2026-02-10T20:22:32","modified_gmt":"2026-02-10T20:22:32","slug":"archiwum","status":"publish","type":"page","link":"https:\/\/www.fundacjahipokamp.pl\/index.php\/archiwum\/","title":{"rendered":"Archiwum stare"},"content":{"rendered":"\n<p>Zapraszamy do zapoznania si\u0119 z naszymi projektami, oraz tymi w kt\u00f3rych brali\u015bmy udzia\u0142.<\/p>\n\n\n\n<p><strong><a href=\"https:\/\/www.fundacjahipokamp.pl\/index.php\/udzial-w-programach\/\" data-type=\"page\" data-id=\"169\">Udzia\u0142 w programach<br><\/a><a href=\"https:\/\/www.fundacjahipokamp.pl\/index.php\/realizowane-zadania-publiczne\/\" data-type=\"page\" data-id=\"174\">Realizowane zadania publiczne<br><\/a><a href=\"https:\/\/www.fundacjahipokamp.pl\/index.php\/konferencje-jako-prelegenci\/\" data-type=\"page\" data-id=\"179\">Konferencje \u2013 jako prelegenci<br><\/a><a href=\"https:\/\/www.fundacjahipokamp.pl\/index.php\/wydarzenia\/\" data-type=\"page\" data-id=\"191\">Wydarzenia<\/a><br><a href=\"https:\/\/www.fundacjahipokamp.pl\/index.php\/warsztaty\/\" data-type=\"page\" data-id=\"195\">Warsztaty<\/a><br><a href=\"https:\/\/www.fundacjahipokamp.pl\/index.php\/kursy\/\" data-type=\"page\" data-id=\"199\">Kursy<\/a><br><a href=\"https:\/\/www.fundacjahipokamp.pl\/index.php\/zawody\/\" data-type=\"page\" data-id=\"203\">Zawody<\/a><\/strong><\/p>\n","protected":false},"excerpt":{"rendered":"<p>Zapraszamy do zapoznania si\u0119 z naszymi projektami, oraz tymi w kt\u00f3rych brali\u015bmy udzia\u0142. Udzia\u0142 w programachRealizowane zadania publiczneKonferencje \u2013 jako prelegenciWydarzeniaWarsztatyKursyZawody<\/p>\n","protected":false},"author":1,"featured_media":95,"parent":0,"menu_order":0,"comment_status":"closed","ping_status":"closed","template":"","meta":{"footnotes":""},"class_list":["post-128","page","type-page","status-publish","has-post-thumbnail","hentry"],"_links":{"self":[{"href":"https:\/\/www.fundacjahipokamp.pl\/index.php\/wp-json\/wp\/v2\/pages\/128","targetHints":{"allow":["GET"]}}],"collection":[{"href":"https:\/\/www.fundacjahipokamp.pl\/index.php\/wp-json\/wp\/v2\/pages"}],"about":[{"href":"https:\/\/www.fundacjahipokamp.pl\/index.php\/wp-json\/wp\/v2\/types\/page"}],"author":[{"embeddable":true,"href":"https:\/\/www.fundacjahipokamp.pl\/index.php\/wp-json\/wp\/v2\/users\/1"}],"replies":[{"embeddable":true,"href":"https:\/\/www.fundacjahipokamp.pl\/index.php\/wp-json\/wp\/v2\/comments?post=128"}],"version-history":[{"count":5,"href":"https:\/\/www.fundacjahipokamp.pl\/index.php\/wp-json\/wp\/v2\/pages\/128\/revisions"}],"predecessor-version":[{"id":630,"href":"https:\/\/www.fundacjahipokamp.pl\/index.php\/wp-json\/wp\/v2\/pages\/128\/revisions\/630"}],"wp:featuredmedia":[{"embeddable":true,"href":"https:\/\/www.fundacjahipokamp.pl\/index.php\/wp-json\/wp\/v2\/media\/95"}],"wp:attachment":[{"href":"https:\/\/www.fundacjahipokamp.pl\/index.php\/wp-json\/wp\/v2\/media?parent=128"}],"curies":[{"name":"wp","href":"https:\/\/api.w.org\/{rel}","templated":true}]}}